{"id":14504,"date":"2020-11-11T22:38:35","date_gmt":"2020-11-12T02:38:35","guid":{"rendered":"https:\/\/lapapelera.com\/cba\/?page_id=14504"},"modified":"2022-09-27T10:13:27","modified_gmt":"2022-09-27T14:13:27","slug":"nosotros","status":"publish","type":"page","link":"https:\/\/lapapelera.com\/cba\/nosotros\/","title":{"rendered":"Nosotros"},"content":{"rendered":"<div id=\"fws_69e0222e01f00\" class=\"wpb_row vc_row vc_row-fluid  animate_onoffset row-dynamic-el standard_section    normal \" style=\"padding-bottom: 90px ; \"><div  style=\"position: absolute;top: 0;\"><\/div><div class=\"container  dark\"><div class=\"section_clear\"><div class=\"wpb_column column_container with_padding wpb_column vc_column_container vc_col-sm-12\"><div class=\"vc_column-inner  \"  style=\"padding:\" data-animation=\"none\" data-delay=\"\"><div class=\"wpb_wrapper\"><h2 style=\"font-size: 16px;color: #c1c1c1;line-height: 30px;text-align: center;font-family:Raleway;font-weight:500;font-style:normal\" class=\"vc_custom_heading\" >Somos una empresa<\/h2><div class=\"wpb_content_element block_title section_title inner-only_text \"><h1>Con la tradici\u00f3n de creer en el pa\u00eds.<\/h1><\/div>\n\t<div class=\"wpb_text_column wpb_content_element \">\n\t\t<div class=\"wpb_wrapper\">\n\t\t\t<p style=\"text-align: center;\">Somos una de las empresas con mayor tradici\u00f3n. Es por eso que hemos logrado por m\u00e1s de 90 a\u00f1os cumplir con un papel protag\u00f3nico en el marcado y en la sociedad boliviana. Somos una empresa que cree en el pa\u00eds y en su futuro, por tal raz\u00f3n, invertimos en el y seguimos siendo parte de su desarrollo con la perspectiva del nuevo siglo.<\/p>\n<p style=\"text-align: center;\">En <span style=\"color: #0c3568;\"><strong>La Papelera<\/strong><\/span> incursionamos estos \u00faltimos a\u00f1os en impresi\u00f3n, incorporando peri\u00f3dicamente tecnolog\u00eda y calidad; en la producci\u00f3n de cart\u00f3n corrugado, sacos y bolsas de papel; adem\u00e1s de especializarnos en impresi\u00f3n offset con nuestra linea de packaging.<\/p>\n\n\t\t<\/div> \n\t<\/div> <div class=\"vc_empty_space\"   style=\"height: 20px\"><span class=\"vc_empty_space_inner\"><\/span><\/div><\/div><\/div><\/div><\/div><\/div><\/div><div id=\"fws_69e0222e03ccd\" class=\"wpb_row vc_row vc_row-fluid  animate_onoffset row-dynamic-el standard_section    normal \" style=\"background-color: #22313f; padding-top: 90px ; padding-bottom: 90px ; \"><div  style=\"position: absolute;top: 0;\"><\/div><div class=\"container  light\"><div class=\"section_clear\"><div class=\"wpb_column column_container with_padding wpb_column vc_column_container vc_col-sm-4\"><div class=\"vc_column-inner  \"  style=\"padding:\" data-animation=\"none\" data-delay=\"\"><div class=\"wpb_wrapper\"><div class=\" services_medium style_2 wpb_content_element\"><div class=\"icon_wrapper\" style=\"\"><i class=\"moon-quill-3\" style=\"color:#27a0dc;\"><\/i><\/div><h4><a href=\"#\">Misi\u00f3n<\/a><\/h4><p><span style=\"color: #27a0dc;\"><strong>La Papelera<\/strong><\/span> comprometida con valores, la comunidad y el medio ambiente, contribuimos al desarrollo de agentes econ\u00f3micos, satisfaciendo de forma innovadora sus necesidades de empaque y otras relacionadas.<\/p><\/div><\/div><\/div><\/div><div class=\"wpb_column column_container with_padding wpb_column vc_column_container vc_col-sm-4\"><div class=\"vc_column-inner  \"  style=\"padding:\" data-animation=\"none\" data-delay=\"\"><div class=\"wpb_wrapper\"><div class=\" services_medium style_2 wpb_content_element\"><div class=\"icon_wrapper\" style=\"\"><i class=\"moon-eye\" style=\"color:#27a0dc;\"><\/i><\/div><h4><a href=\"#\">Visi\u00f3n<\/a><\/h4><p>Perfeccionando continuamente los procesos, productos y servicios, <span style=\"color: #27a0dc;\"><strong>La Papelera <\/strong><\/span>satisfacemos las expectativas de clientes, trabajadores, accionistas, comunidad y proveedores, desarrollando ciclos de emprendimientos sostenibles.<\/p><\/div><\/div><\/div><\/div><div class=\"wpb_column column_container with_padding wpb_column vc_column_container vc_col-sm-4\"><div class=\"vc_column-inner  \"  style=\"padding:\" data-animation=\"none\" data-delay=\"\"><div class=\"wpb_wrapper\"><div class=\" services_medium style_2 wpb_content_element\"><div class=\"icon_wrapper\" style=\"\"><i class=\"steadysets-icon-star\" style=\"color:#27a0dc;\"><\/i><\/div><h4><a href=\"#\">Valores<\/a><\/h4><p><span style=\"color: #27a0dc;\"><strong>Respeto, integridad, calidad y compromiso<\/strong><\/span> son los valores de <span style=\"color: #27a0dc;\"><strong>La Papelera<\/strong><\/span>, que nos han acompa\u00f1ado por mas de 90 a\u00f1os de entrega y pasi\u00f3n por lo que hacemos.<\/p><\/div><\/div><\/div><\/div><\/div><\/div><\/div><section class=\"vc_section vc_custom_1607562483712 vc_section-has-fill\"><div id=\"fws_69e0222e05038\" class=\"wpb_row vc_row vc_row-fluid  animate_onoffset row-dynamic-el standard_section    normal \" style=\"background-color: #f6f6f6; padding-top: 90px ; padding-bottom: 0px ; \"><div  style=\"position: absolute;top: 0;\"><\/div><div class=\"container  dark\"><div class=\"section_clear\"><div class=\"wpb_column column_container with_padding wpb_column vc_column_container vc_col-sm-12\"><div class=\"vc_column-inner  \"  style=\"padding:\" data-animation=\"none\" data-delay=\"\"><div class=\"wpb_wrapper\"><div class=\"wpb_content_element block_title section_title inner-only_text \"><h1>Conoce a nuestro equipo gerencial<\/h1><p style=\"padding:0 14%;\">Contamos con un equipo con muchos a\u00f1os de experiencia, comprometido con la visi\u00f3n de <strong><span style=\"color: #0c3568;\">La Papelera <\/span><\/strong>y con esa\u00a0m\u00edstica de trabajo que a nos a destacado desde nuestros inicios.<\/p><\/div><\/div><\/div><\/div><\/div><\/div><\/div><div id=\"fws_69e0222e0565d\" class=\"wpb_row vc_row vc_row-fluid  animate_onoffset row-dynamic-el standard_section    normal \" style=\"background-color: #f6f6f6; padding-top: 40px ; \"><div  style=\"position: absolute;top: 0;\"><\/div><div class=\"container  dark\"><div class=\"section_clear\"><div class=\"wpb_column column_container with_padding wpb_column vc_column_container vc_col-sm-4\"><div class=\"vc_column-inner  \"  style=\"padding:\" data-animation=\"none\" data-delay=\"\"><div class=\"wpb_wrapper\"><div class=\"wpb_content_element\"><div class=\"single_staff style_1\"><div class=\"he-wrap tpl2\"><div class=\"featured_img\"><img decoding=\"async\" src=\"https:\/\/lapapelera.com\/cba\/wp-content\/uploads\/2020\/11\/1-cvbergen-500x500.jpg\" alt=\"Staff\"><div class=\"overlay he-view\"><div class=\"bg a0\" data-animate=\"fadeIn\"><div class=\"center-bar\"><\/div><\/div><\/div><\/div><div class=\"content\"><h5><a href=\"https:\/\/lapapelera.com\/cba\/staff_trusted\/conrad-von-bergen\/\">Conrad Von Bergen<\/a><\/h5><span class=\"position\">Gerente General<\/span><p>Conrad, es uno de los accionistas principales, Vicepresidente del Grupo La Papelera y desde hace 4 a\u00f1os Gerente General de La Papelera S.A. &nbsp;...<\/p><\/div><\/div><\/div><\/div><\/div><\/div><\/div><div class=\"wpb_column column_container with_padding wpb_column vc_column_container vc_col-sm-4\"><div class=\"vc_column-inner  \"  style=\"padding:\" data-animation=\"none\" data-delay=\"\"><div class=\"wpb_wrapper\"><div class=\"wpb_content_element\"><div class=\"single_staff style_1\"><div class=\"he-wrap tpl2\"><div class=\"featured_img\"><img decoding=\"async\" src=\"https:\/\/lapapelera.com\/cba\/wp-content\/uploads\/2020\/11\/2-kiporre-500x500.jpg\" alt=\"Staff\"><div class=\"overlay he-view\"><div class=\"bg a0\" data-animate=\"fadeIn\"><div class=\"center-bar\"><a href=\"https:\/\/bo.linkedin.com\/in\/karim-j-iporre-avil\u00e9s-63519b102\" class=\"a1\" data-animate=\"zoomIn\" title=\"linkedin\"><i class=\"moon-linkedin\"><\/i><\/a><\/div><\/div><\/div><\/div><div class=\"content\"><h5><a href=\"https:\/\/lapapelera.com\/cba\/staff_trusted\/karim-jennifer-iporre-aviles\/\">Karim Jennifer Iporre Avil\u00e9s<\/a><\/h5><span class=\"position\">Gerente de Recursos Humanos<\/span><p>Karim es Gerente de Recursos Humanos de la empresa, es una profesional con m\u00e1s de 19 a\u00f1os de experiencia en Gesti\u00f3n del Talento Humano...<\/p><\/div><\/div><\/div><\/div><\/div><\/div><\/div><div class=\"wpb_column column_container with_padding wpb_column vc_column_container vc_col-sm-4\"><div class=\"vc_column-inner  \"  style=\"padding:\" data-animation=\"none\" data-delay=\"\"><div class=\"wpb_wrapper\"><div class=\"wpb_content_element\"><div class=\"single_staff style_1\"><div class=\"he-wrap tpl2\"><div class=\"featured_img\"><img decoding=\"async\" src=\"https:\/\/lapapelera.com\/cba\/wp-content\/uploads\/2020\/11\/3-gbaudoin-500x500.jpg\" alt=\"Staff\"><div class=\"overlay he-view\"><div class=\"bg a0\" data-animate=\"fadeIn\"><div class=\"center-bar\"><a href=\"https:\/\/bo.linkedin.com\/in\/gonzalo-baudoin-alanz-a313a246\" class=\"a1\" data-animate=\"zoomIn\" title=\"linkedin\"><i class=\"moon-linkedin\"><\/i><\/a><a href=\"mailto:gbaudoin@papelera.com\" class=\"a1\" data-animate=\"zoomIn\" title=\"mail\"><i class=\"moon-mail\"><\/i><\/a><\/div><\/div><\/div><\/div><div class=\"content\"><h5><a href=\"https:\/\/lapapelera.com\/cba\/staff_trusted\/gonzalo-patricio-baudoin-alanz\/\">Gonzalo Patricio Baudoin Alanz<\/a><\/h5><span class=\"position\">Gerente Comercial<\/span><p>Gonzalo es el Gerente Comercial de La Papelera S.A. y aporta con su energ\u00eda y vitalidad en la consecuci\u00f3n de las metas establecidas al...<\/p><\/div><\/div><\/div><\/div><\/div><\/div><\/div><\/div><\/div><\/div><div id=\"fws_69e0222e0bc0d\" class=\"wpb_row vc_row vc_row-fluid  animate_onoffset row-dynamic-el standard_section    normal \" style=\"background-color: #f6f6f6; padding-top: 40px ; \"><div  style=\"position: absolute;top: 0;\"><\/div><div class=\"container  dark\"><div class=\"section_clear\"><div class=\"wpb_column column_container with_padding wpb_column vc_column_container vc_col-sm-4\"><div class=\"vc_column-inner  \"  style=\"padding:\" data-animation=\"none\" data-delay=\"\"><div class=\"wpb_wrapper\"><div class=\"wpb_content_element\"><div class=\"single_staff style_1\"><div class=\"he-wrap tpl2\"><div class=\"featured_img\"><img decoding=\"async\" src=\"https:\/\/lapapelera.com\/cba\/wp-content\/uploads\/2020\/11\/4-mnovillo-500x500.jpg\" alt=\"Staff\"><div class=\"overlay he-view\"><div class=\"bg a0\" data-animate=\"fadeIn\"><div class=\"center-bar\"><a href=\"https:\/\/www.linkedin.com\/in\/miguel-novillo-900803130\/\" class=\"a1\" data-animate=\"zoomIn\" title=\"linkedin\"><i class=\"moon-linkedin\"><\/i><\/a><\/div><\/div><\/div><\/div><div class=\"content\"><h5><a href=\"https:\/\/lapapelera.com\/cba\/staff_trusted\/miguel-angel-novillo-munoz\/\">Miguel Angel Novillo Mu\u00f1oz<\/a><\/h5><span class=\"position\">Gerente de Administraci\u00f3n y Finanzas<\/span><p>Miguel trabaja en la empresa desde hace 23 a\u00f1os donde ha forjado su carrera profesional. Dentro del \u00e1rea financiera garantiza que la empresa enmarque...<\/p><\/div><\/div><\/div><\/div><\/div><\/div><\/div><div class=\"wpb_column column_container with_padding wpb_column vc_column_container vc_col-sm-4\"><div class=\"vc_column-inner  \"  style=\"padding:\" data-animation=\"none\" data-delay=\"\"><div class=\"wpb_wrapper\"><div class=\"wpb_content_element\"><div class=\"single_staff style_1\"><div class=\"he-wrap tpl2\"><div class=\"featured_img\"><img decoding=\"async\" src=\"https:\/\/lapapelera.com\/cba\/wp-content\/uploads\/2020\/11\/5-dcarranza-500x500.jpg\" alt=\"Staff\"><div class=\"overlay he-view\"><div class=\"bg a0\" data-animate=\"fadeIn\"><div class=\"center-bar\"><a href=\"https:\/\/www.linkedin.com\/in\/dieter-carranza-2a92298\/\" class=\"a1\" data-animate=\"zoomIn\" title=\"linkedin\"><i class=\"moon-linkedin\"><\/i><\/a><\/div><\/div><\/div><\/div><div class=\"content\"><h5><a href=\"https:\/\/lapapelera.com\/cba\/staff_trusted\/dieter-carlos-carranza-gutierrez\/\">Dieter Carlos Carranza Gutierrez<\/a><\/h5><span class=\"position\">Gerente de Operaciones Corrugado<\/span><p>Dieter es un profesional con m\u00e1s de 20 a\u00f1os de experiencia en Gerencia de Proyectos, Gerencia de Operaciones y Producci\u00f3n en Industrias. Es Gerente...<\/p><\/div><\/div><\/div><\/div><\/div><\/div><\/div><div class=\"wpb_column column_container with_padding wpb_column vc_column_container vc_col-sm-4\"><div class=\"vc_column-inner  \"  style=\"padding:\" data-animation=\"none\" data-delay=\"\"><div class=\"wpb_wrapper\"><div class=\"wpb_content_element\"><div class=\"single_staff style_1\"><div class=\"he-wrap tpl2\"><div class=\"featured_img\"><img decoding=\"async\" src=\"https:\/\/lapapelera.com\/cba\/wp-content\/uploads\/2020\/11\/7-mlucero-500x500.jpg\" alt=\"Staff\"><div class=\"overlay he-view\"><div class=\"bg a0\" data-animate=\"fadeIn\"><div class=\"center-bar\"><\/div><\/div><\/div><\/div><div class=\"content\"><h5><a href=\"https:\/\/lapapelera.com\/cba\/staff_trusted\/julio-miguel-lucero-carrion\/\">Julio Miguel Lucero Carri\u00f3n<\/a><\/h5><span class=\"position\">Gerente de Operaciones Packaging<\/span><p>Miguel es Gerente de Operaciones de la planta de Packaging ubicada en Santa Cruz. Tiene varios a\u00f1os de experiencia en Offset, Flexograf\u00eda e Impresi\u00f3n...<\/p><\/div><\/div><\/div><\/div><\/div><\/div><\/div><\/div><\/div><\/div><div id=\"fws_69e0222e1017f\" class=\"wpb_row vc_row vc_row-fluid  animate_onoffset row-dynamic-el standard_section    normal \" style=\"background-color: #f6f6f6; padding-top: 40px ; padding-bottom: 90px ; \"><div  style=\"position: absolute;top: 0;\"><\/div><div class=\"container  dark\"><div class=\"section_clear\"><div class=\"wpb_column column_container with_padding wpb_column vc_column_container vc_col-sm-4\"><div class=\"vc_column-inner  \"  style=\"padding:\" data-animation=\"none\" data-delay=\"\"><div class=\"wpb_wrapper\"><\/div><\/div><\/div><div class=\"wpb_column column_container with_padding wpb_column vc_column_container vc_col-sm-4\"><div class=\"vc_column-inner  \"  style=\"padding:\" data-animation=\"none\" data-delay=\"\"><div class=\"wpb_wrapper\"><\/div><\/div><\/div><div class=\"wpb_column column_container with_padding wpb_column vc_column_container vc_col-sm-4\"><div class=\"vc_column-inner  \"  style=\"padding:\" data-animation=\"none\" data-delay=\"\"><div class=\"wpb_wrapper\"><\/div><\/div><\/div><\/div><\/div><\/div><\/section><div id=\"fws_69e0222e1099b\" class=\"wpb_row vc_row vc_row-fluid  animate_onoffset row-dynamic-el standard_section    normal \" style=\"background-color: #22313f; padding-top: 90px ; padding-bottom: 90px ; \"><div  style=\"position: absolute;top: 0;\"><\/div><div class=\"container  light\"><div class=\"section_clear\"><div class=\"wpb_column column_container with_padding wpb_column vc_column_container vc_col-sm-12\"><div class=\"vc_column-inner vc_custom_1605154511377 \"  style=\"padding:\" data-animation=\"none\" data-delay=\"\"><div class=\"wpb_wrapper\"><div class=\"wpb_content_element block_title section_title inner-only_text \"><h1>Certificaciones<\/h1><p style=\"padding:0 14%;\">En\u00a0<span style=\"color: #27a0dc;\"><strong>La Papelera <\/strong><\/span>tenemos el\u00a0compromiso de ofrecer calidad y mejora continua para alcanzar excelencia en la atenci\u00f3n a nuestros clientes.<\/p><\/div><div class=\"vc_tta-container\" data-vc-action=\"collapseAll\"><div class=\"vc_general vc_tta vc_tta-accordion vc_tta-color-grey vc_tta-style-default vc_tta-shape-rounded vc_tta-o-shape-group vc_tta-controls-align-left vc_tta-o-all-clickable\"><div class=\"vc_tta-panels-container\"><div class=\"vc_tta-panels\"><div class=\"vc_tta-panel\" id=\"1605154093853-96e9756a-1ebe\" data-vc-content=\".vc_tta-panel-body\"><div class=\"vc_tta-panel-heading\"><h4 class=\"vc_tta-panel-title vc_tta-controls-icon-position-right\"><a href=\"#1605154093853-96e9756a-1ebe\" data-vc-accordion data-vc-container=\".vc_tta-container\"><span class=\"vc_tta-title-text\">Certificaci\u00f3n ISO 9001:2015<\/span><i class=\"vc_tta-controls-icon vc_tta-controls-icon-triangle\"><\/i><\/a><\/h4><\/div><div class=\"vc_tta-panel-body\">\n\t<div class=\"wpb_text_column wpb_content_element \">\n\t\t<div class=\"wpb_wrapper\">\n\t\t\t<p>Nuestra empresa tiene implementado desde el a\u00f1o 2001 un SISTEMA DE GESTION DE CALIDAD, cuya certificaci\u00f3n a la fecha cumple los requisitos normativos ISO 9001:2015. Todas las materias primas, insumos, procesos y productos cumplen altos est\u00e1ndares de calidad, que son asegurados de manera sostenible en el tiempo.<\/p>\n<p>En coherencia con los lineamientos estrat\u00e9gicos, La Papelera S.A. ha establecido como pol\u00edtica de calidad:<\/p>\n\n\t\t<\/div> \n\t<\/div> <section class=\"vc_cta3-container\"><div class=\"vc_general vc_cta3 vc_cta3-style-flat vc_cta3-shape-rounded vc_cta3-align-left vc_cta3-color-peacoc vc_cta3-icon-size-md\"><div class=\"vc_cta3_content-container\"><div class=\"vc_cta3-content\"><header class=\"vc_cta3-content-header\"><h2>Pol\u00edtica de Calidad<\/h2><\/header><p>El cumplimiento de nuestro compromiso de calidad y mejora continua para alcanzar excelencia en la atenci\u00f3n a nuestros clientes, tiene como base:<\/p>\n<p class=\"lista\">&#8211; La implementaci\u00f3n y mantenimiento de un Sistema de Gesti\u00f3n de Calidad que responda a los lineamientos de la Norma ISO 9001.<\/p>\n<p class=\"lista\">&#8211; Ofrecer un adecuado ambiente de trabajo a nuestro personal para su desarrollo personal y profesional, anteponiendo el bien com\u00fan sobre el individual, comparti\u00e9ndose informaci\u00f3n, responsabilidad y beneficios; proporcionando un permanente apoyo a su capacitaci\u00f3n, proyect\u00e1ndose adem\u00e1s todos los esfuerzos para conseguir un adecuado retorno al capital de los inversionistas.<\/p>\n<p class=\"lista\">&#8211; Esfuerzos empresariales para el mejoramiento del conocimiento del mercado de envases, embalajes y otros relacionados, ofreciendo as\u00ed soluciones innovadoras.<\/p>\n<p class=\"lista\">&#8211; Mejoramiento permanente de la calidad de nuestros productos.<\/p>\n<p>&nbsp;<\/p>\n<p>Ing. Conrad von Bergen<br \/>\nGERENTE GENERAL<br \/>\nRev 3. Abril 2012<\/p>\n<\/div><\/div><\/div><\/section><div class=\"vc_btn3-container vc_btn3-center\" ><a class=\"vc_general vc_btn3 vc_btn3-size-md vc_btn3-shape-square vc_btn3-style-flat vc_btn3-block vc_btn3-icon-right vc_btn3-color-peacoc\" href=\"\/wp-content\/uploads\/2020\/11\/iso2018.pdf\" title=\"\" target=\"_blank\">Descarga Certificado <i class=\"vc_btn3-icon fas fa-cloud-download-alt\"><\/i><\/a><\/div><\/div><\/div><div class=\"vc_tta-panel\" id=\"1605154093894-9f1eeca7-f0d1\" data-vc-content=\".vc_tta-panel-body\"><div class=\"vc_tta-panel-heading\"><h4 class=\"vc_tta-panel-title vc_tta-controls-icon-position-right\"><a href=\"#1605154093894-9f1eeca7-f0d1\" data-vc-accordion data-vc-container=\".vc_tta-container\"><span class=\"vc_tta-title-text\">Certificaci\u00f3n Programa (OEA)<\/span><i class=\"vc_tta-controls-icon vc_tta-controls-icon-triangle\"><\/i><\/a><\/h4><\/div><div class=\"vc_tta-panel-body\">\n\t<div class=\"wpb_text_column wpb_content_element \">\n\t\t<div class=\"wpb_wrapper\">\n\t\t\t<p>Nuestra empresa tiene implementado desde el a\u00f1o 2017 un SISTEMA DE GESTION DE SEGURIDAD CON LA CADENA LOG\u00cdSTICA DE IMPORTACI\u00d3N.<\/p>\n<p>En coherencia con los lineamientos estrat\u00e9gicos, La Papelera S.A. ha establecido como:<\/p>\n\n\t\t<\/div> \n\t<\/div> <section class=\"vc_cta3-container\"><div class=\"vc_general vc_cta3 vc_cta3-style-flat vc_cta3-shape-rounded vc_cta3-align-left vc_cta3-color-peacoc vc_cta3-icon-size-md\"><div class=\"vc_cta3_content-container\"><div class=\"vc_cta3-content\"><header class=\"vc_cta3-content-header\"><h2>Pol\u00edtica de Calidad<\/h2><\/header><p>En La Papelera S.A. estamos comprometidos con la seguridad en las operaciones de la cadena log\u00edstica internacional a trav\u00e9s de procesos de mejora continua con el fin de reconocer, prevenir y evitar posibles amenazas de actividades il\u00edcitas o conductas delictivas y de esta forma garantizar la transparencia y eficiencia de nuestras operaciones de comercio exterior y nacionales.<\/p>\n<div class=\"row\">\n<div class=\"col-sm-10 col-md-offset-1\">\n<div class=\"classname \">\n<p>Ing. Conrad von Bergen<br \/>\nGERENTE GENERAL<br \/>\nRev 0. Mayo 2016<\/p>\n<\/div>\n<\/div>\n<\/div>\n<\/div><\/div><\/div><\/section><\/div><\/div><\/div><\/div><\/div><\/div><\/div><\/div><\/div><\/div><\/div><\/div><div id=\"fws_69e0222e12cca\" class=\"wpb_row vc_row vc_row-fluid  animate_onoffset row-dynamic-el standard_section    normal \" style=\"padding-top: 40px ; padding-bottom: 40px ; \"><div  style=\"position: absolute;top: 0;\"><\/div><div class=\"container  dark\"><div class=\"section_clear\"><div class=\"wpb_column column_container with_padding wpb_column vc_column_container vc_col-sm-12\"><div class=\"vc_column-inner  \"  style=\"padding:\" data-animation=\"none\" data-delay=\"\"><div class=\"wpb_wrapper\">\n\t<div class=\"wpb_text_column wpb_content_element \">\n\t\t<div class=\"wpb_wrapper\">\n\t\t\t<p><a href=\"https:\/\/www.grupolapapelera.com\" target=\"_blank\" rel=\"noopener noreferrer\"><img loading=\"lazy\" decoding=\"async\" class=\"size-medium wp-image-14542 aligncenter\" src=\"https:\/\/lapapelera.com\/cba\/wp-content\/uploads\/2020\/11\/grupo350-300x228.png\" alt=\"\" width=\"300\" height=\"228\" srcset=\"https:\/\/lapapelera.com\/cba\/wp-content\/uploads\/2020\/11\/grupo350-300x228.png 300w, https:\/\/lapapelera.com\/cba\/wp-content\/uploads\/2020\/11\/grupo350.png 350w\" sizes=\"auto, (max-width: 300px) 100vw, 300px\" \/><\/a><\/p>\n\n\t\t<\/div> \n\t<\/div> <div class=\"vc_empty_space\"   style=\"height: 30px\"><span class=\"vc_empty_space_inner\"><\/span><\/div>\n\t<div class=\"wpb_text_column wpb_content_element \">\n\t\t<div class=\"wpb_wrapper\">\n\t\t\t<p style=\"text-align: center;\">El <strong><span style=\"color: #0c3568;\">Grupo La Papelera<\/span><\/strong>, es una corporaci\u00f3n a la que pertenecen las empresas <span style=\"color: #0c3568;\"><strong>La Papelera S.A<\/strong><\/span>. dedicada a la producci\u00f3n de cart\u00f3n corrugado, sacos y bolsas de papel, adem\u00e1s de la fabricaci\u00f3n de empaques de cartulina en su nueva planta de offset; <span style=\"color: #0c3568;\"><strong>Madepa S.A.<\/strong><\/span> que tiene como actividad principal la fabricaci\u00f3n, produccion y comercializacion de productos escolares, producci\u00f3n y comercializaci\u00f3n de material de oficina, pl\u00e1sticos inyectados y la importaci\u00f3n de insumos de reconocidas marcas para la industria gr\u00e1fica e imprenta.<\/p>\n<p style=\"text-align: center;\">Ambas empresas avocadas a la eficiencia operativa e implementando continuamente tecnolog\u00eda de punta en todos sus procesos, cumplen est\u00e1ndares de calidad de primer nivel sin da\u00f1ar el medio ambiente con una visi\u00f3n de mejora continua.<\/p>\n\n\t\t<\/div> \n\t<\/div> <div class=\"vc_row wpb_row vc_inner vc_row-fluid vc_row-o-content-middle vc_row-flex\"><div class=\"wpb_column vc_column_container vc_col-sm-6\"><div class=\"vc_column-inner \"><div class=\"wpb_wrapper\">\n\t<div class=\"wpb_text_column wpb_content_element \">\n\t\t<div class=\"wpb_wrapper\">\n\t\t\t<p><a href=\"#\"><img loading=\"lazy\" decoding=\"async\" class=\"size-full wp-image-14549 aligncenter\" src=\"https:\/\/lapapelera.com\/cba\/wp-content\/uploads\/2020\/11\/papelera00.png\" alt=\"\" width=\"250\" height=\"100\" \/><\/a><\/p>\n\n\t\t<\/div> \n\t<\/div> <\/div><\/div><\/div><div class=\"wpb_column vc_column_container vc_col-sm-6\"><div class=\"vc_column-inner \"><div class=\"wpb_wrapper\">\n\t<div class=\"wpb_text_column wpb_content_element \">\n\t\t<div class=\"wpb_wrapper\">\n\t\t\t<p><a href=\"https:\/\/www.madepa.com.bo\" target=\"_blank\" rel=\"noopener noreferrer\"><img loading=\"lazy\" decoding=\"async\" class=\"wp-image-14548 size-full aligncenter\" src=\"https:\/\/lapapelera.com\/cba\/wp-content\/uploads\/2020\/11\/madepa00.png\" alt=\"\" width=\"250\" height=\"100\" \/><\/a><\/p>\n\n\t\t<\/div> \n\t<\/div> <\/div><\/div><\/div><\/div><div class=\"vc_empty_space\"   style=\"height: 65px\"><span class=\"vc_empty_space_inner\"><\/span><\/div><\/div><\/div><\/div><\/div><\/div><\/div><section data-vc-full-width=\"true\" data-vc-full-width-init=\"false\" data-vc-stretch-content=\"true\" class=\"vc_section vc_custom_1605476495652 vc_section-has-fill\"><div id=\"fws_69e0222e1414f\" class=\"wpb_row vc_row vc_row-fluid  animate_onoffset row-dynamic-el standard_section    normal \" style=\"\"><div  style=\"position: absolute;top: 0;\"><\/div><div class=\"container  light\"><div class=\"section_clear\"><div class=\"wpb_column column_container with_padding wpb_column vc_column_container vc_col-sm-12\"><div class=\"vc_column-inner  \"  style=\" color: #ffffff;padding:\" data-animation=\"none\" data-delay=\"\"><div class=\"wpb_wrapper\"><div class=\"vc_empty_space\"   style=\"height: 25px\"><span class=\"vc_empty_space_inner\"><\/span><\/div><div class=\"textbar style_1 wpb_content_element \"><h2 yes>Solicita informaci\u00f3n o cotiza con nosotros, siempre estamos felices de atenderte<\/h2><a href=\"\/contacto\/\" class=\"btn-bt default\"><span>Cont\u00e1ctanos<\/span><i class=\"moon-arrow-right-2\"><\/i><\/a><\/div><div class=\"vc_empty_space\"   style=\"height: 42px\"><span class=\"vc_empty_space_inner\"><\/span><\/div><\/div><\/div><\/div><\/div><\/div><\/div><\/section><div class=\"vc_row-full-width vc_clearfix\"><\/div>\n","protected":false},"excerpt":{"rendered":"Miguel es Gerente de Operaciones de la planta de Packaging ubicada en Santa Cruz. Tiene varios a\u00f1os de experiencia en Offset, Flexograf\u00eda e Impresi\u00f3n Digital. Debido a que esta planta es la m\u00e1s nueva de la empresa, Miguel tiene como meta profesional y personal convertirla en un pilar fundamental del rubro. Para ello tenemos tecnolog\u00eda [...]","protected":false},"author":1,"featured_media":0,"parent":0,"menu_order":0,"comment_status":"closed","ping_status":"closed","template":"","meta":{"footnotes":""},"categories":[],"tags":[],"class_list":["post-14504","page","type-page","status-publish","hentry"],"_links":{"self":[{"href":"https:\/\/lapapelera.com\/cba\/wp-json\/wp\/v2\/pages\/14504","targetHints":{"allow":["GET"]}}],"collection":[{"href":"https:\/\/lapapelera.com\/cba\/wp-json\/wp\/v2\/pages"}],"about":[{"href":"https:\/\/lapapelera.com\/cba\/wp-json\/wp\/v2\/types\/page"}],"author":[{"embeddable":true,"href":"https:\/\/lapapelera.com\/cba\/wp-json\/wp\/v2\/users\/1"}],"replies":[{"embeddable":true,"href":"https:\/\/lapapelera.com\/cba\/wp-json\/wp\/v2\/comments?post=14504"}],"version-history":[{"count":57,"href":"https:\/\/lapapelera.com\/cba\/wp-json\/wp\/v2\/pages\/14504\/revisions"}],"predecessor-version":[{"id":14887,"href":"https:\/\/lapapelera.com\/cba\/wp-json\/wp\/v2\/pages\/14504\/revisions\/14887"}],"wp:attachment":[{"href":"https:\/\/lapapelera.com\/cba\/wp-json\/wp\/v2\/media?parent=14504"}],"wp:term":[{"taxonomy":"category","embeddable":true,"href":"https:\/\/lapapelera.com\/cba\/wp-json\/wp\/v2\/categories?post=14504"},{"taxonomy":"post_tag","embeddable":true,"href":"https:\/\/lapapelera.com\/cba\/wp-json\/wp\/v2\/tags?post=14504"}],"curies":[{"name":"wp","href":"https:\/\/api.w.org\/{rel}","templated":true}]}}