{"id":14845,"date":"2020-11-16T00:12:49","date_gmt":"2020-11-16T04:12:49","guid":{"rendered":"https:\/\/lapapelera.com\/cba\/?page_id=14845"},"modified":"2020-12-10T13:57:03","modified_gmt":"2020-12-10T17:57:03","slug":"estuches-farmaceuticos","status":"publish","type":"page","link":"https:\/\/lapapelera.com\/cba\/productos\/linea-industrial\/estuches-farmaceuticos\/","title":{"rendered":"Estuches Farmac\u00e9uticos"},"content":{"rendered":"<section data-vc-full-width=\"true\" data-vc-full-width-init=\"false\" data-vc-stretch-content=\"true\" class=\"vc_section vc_custom_1605494913919 vc_section-has-fill\"><div class=\"container  dark\"><div class=\"section_clear\"><div id=\"fws_69fa33f5bcf6b\" class=\"wpb_row vc_row vc_row-fluid  animate_onoffset row-dynamic-el standard_section    vc_row-o-equal-height vc_row-flex normal \" style=\"\"><div  style=\"position: absolute;top: 0;\"><\/div><div class=\"wpb_column column_container with_padding wpb_column vc_column_container vc_col-sm-6\"><div class=\"vc_column-inner  \"  style=\"padding:\" data-animation=\"none\" data-delay=\"\"><div class=\"wpb_wrapper\"><div class=\"wpb_content_element media media_el yes animate_onoffset\"><img decoding=\"async\" src=\"https:\/\/lapapelera.com\/cba\/wp-content\/uploads\/2020\/12\/Estuches-Farmaceuticos.jpg\" alt=\"Portfolio\" class=\"type_image media_animation animation_left alignment_left\"  \/><\/div><\/div><\/div><\/div><div class=\"wpb_column column_container with_padding wpb_column vc_column_container vc_col-sm-6\"><div class=\"vc_column-inner  \"  style=\" color: #ffffff;padding:\" data-animation=\"none\" data-delay=\"\"><div class=\"wpb_wrapper\">\n\t<div class=\"wpb_text_column wpb_content_element \">\n\t\t<div class=\"wpb_wrapper\">\n\t\t\t<h1><strong><span style=\"color: #27a0dc;\">ESTUCHES FARMAC\u00c9UTICOS<\/span><\/strong><\/h1>\n<p>&nbsp;<\/p>\n<h4><span style=\"color: #27a0dc;\">Descripci\u00f3n<\/span><\/h4>\n<p><span style=\"color: #ffffff;\">Estos productos satisfacen ampliamente las necesidades y expectativas de los clientes, pues combinan diferentes tipos de barnices, contrastes brillantes y mates, sectorizado, dripp off, hot stamping, relieves y otros que resaltan el producto al presentar un empaque de m\u00e1s alto nivel y vistosidad en el mercado.<\/span><\/p>\n<p><span style=\"color: #ffffff;\">Uso de tintas y barnices UV y\/o convencionales<\/span><\/p>\n<h3><span style=\"color: #27a0dc;\">Caracter\u00edsticas<\/span><\/h3>\n<ul>\n<li><span style=\"color: #ffffff;\">Estuches aptos para embalaje manual y\/o autom\u00e1tico.<\/span><\/li>\n<li><span style=\"color: #ffffff;\">Cartulinas de alta calidad y blancuras estandarizadas.<\/span><\/li>\n<li><span style=\"color: #ffffff;\">M\u00e1xima calidad de impresi\u00f3n y procesos controlados que favorecen el uso del producto.<\/span><\/li>\n<li><span style=\"color: #ffffff;\">Diferentes tipos de dise\u00f1o gr\u00e1fico y estructural.<\/span><\/li>\n<li><span style=\"color: #ffffff;\">Troquelado, encolado y acabados en funci\u00f3n a las exigencias del mercado.<\/span><\/li>\n<\/ul>\n<div class=\"col-sm-6\">\n<h3><span style=\"color: #27a0dc;\">\u00bfPor qu\u00e9 nos eligen?<\/span><\/h3>\n<ul>\n<li><span style=\"color: #ffffff;\">Soporte t\u00e9cnico pre y post venta.<\/span><\/li>\n<li><span style=\"color: #ffffff;\">Dise\u00f1o a medida para satisfacer requisitos de imagen, funcionalidad y tama\u00f1o.<\/span><\/li>\n<li><span style=\"color: #ffffff;\">Tecnolog\u00eda de \u00faltima generaci\u00f3n que acelera procesos de pre prensa y\/o cambios imprevistos por el cliente.<\/span><\/li>\n<li><span style=\"color: #ffffff;\">Estabilidad de color manteniendo la referencia de tonalidad inicial en cada producci\u00f3n. Asesoramiento t\u00e9cnico pre y post venta.<\/span><\/li>\n<li><span style=\"color: #ffffff;\">Presencia comercial personalizada.<\/span><\/li>\n<\/ul>\n<\/div>\n\n\t\t<\/div> \n\t<\/div> <div class=\"vc_btn3-container vc_btn3-center\" ><a class=\"vc_general vc_btn3 vc_btn3-size-md vc_btn3-shape-square vc_btn3-style-outline vc_btn3-icon-left vc_btn3-color-white\" href=\"\/productos\/linea-industrial\/\" title=\"Productos Industriales\"><i class=\"vc_btn3-icon fas fa-angle-double-left\"><\/i> volver a men\u00fa<\/a><\/div><\/div><\/div><\/div><div class=\"wpb_column column_container with_padding wpb_column vc_column_container vc_col-sm-12\"><div class=\"vc_column-inner  \"  style=\"padding:\" data-animation=\"none\" data-delay=\"\"><div class=\"wpb_wrapper\"><div class=\"vc_empty_space\"   style=\"height: 42px\"><span class=\"vc_empty_space_inner\"><\/span><\/div><\/div><\/div><\/div><\/div><\/div><\/div><\/section><div class=\"vc_row-full-width vc_clearfix\"><\/div>\n","protected":false},"excerpt":{"rendered":"ESTUCHES FARMAC\u00c9UTICOS &nbsp; Descripci\u00f3n Estos productos satisfacen ampliamente las necesidades y expectativas de los clientes, pues combinan diferentes tipos de barnices, contrastes brillantes y mates, sectorizado, dripp off, hot stamping, relieves y otros que resaltan el producto al presentar un empaque de m\u00e1s alto nivel y vistosidad en el mercado. Uso de tintas y barnices [...]","protected":false},"author":1,"featured_media":14962,"parent":14782,"menu_order":0,"comment_status":"closed","ping_status":"closed","template":"","meta":{"footnotes":""},"categories":[127],"tags":[],"class_list":["post-14845","page","type-page","status-publish","has-post-thumbnail","hentry","category-estuches-cartulina"],"_links":{"self":[{"href":"https:\/\/lapapelera.com\/cba\/wp-json\/wp\/v2\/pages\/14845","targetHints":{"allow":["GET"]}}],"collection":[{"href":"https:\/\/lapapelera.com\/cba\/wp-json\/wp\/v2\/pages"}],"about":[{"href":"https:\/\/lapapelera.com\/cba\/wp-json\/wp\/v2\/types\/page"}],"author":[{"embeddable":true,"href":"https:\/\/lapapelera.com\/cba\/wp-json\/wp\/v2\/users\/1"}],"replies":[{"embeddable":true,"href":"https:\/\/lapapelera.com\/cba\/wp-json\/wp\/v2\/comments?post=14845"}],"version-history":[{"count":2,"href":"https:\/\/lapapelera.com\/cba\/wp-json\/wp\/v2\/pages\/14845\/revisions"}],"predecessor-version":[{"id":14971,"href":"https:\/\/lapapelera.com\/cba\/wp-json\/wp\/v2\/pages\/14845\/revisions\/14971"}],"up":[{"embeddable":true,"href":"https:\/\/lapapelera.com\/cba\/wp-json\/wp\/v2\/pages\/14782"}],"wp:featuredmedia":[{"embeddable":true,"href":"https:\/\/lapapelera.com\/cba\/wp-json\/wp\/v2\/media\/14962"}],"wp:attachment":[{"href":"https:\/\/lapapelera.com\/cba\/wp-json\/wp\/v2\/media?parent=14845"}],"wp:term":[{"taxonomy":"category","embeddable":true,"href":"https:\/\/lapapelera.com\/cba\/wp-json\/wp\/v2\/categories?post=14845"},{"taxonomy":"post_tag","embeddable":true,"href":"https:\/\/lapapelera.com\/cba\/wp-json\/wp\/v2\/tags?post=14845"}],"curies":[{"name":"wp","href":"https:\/\/api.w.org\/{rel}","templated":true}]}}