{"id":14905,"date":"2020-12-09T22:24:42","date_gmt":"2020-12-10T02:24:42","guid":{"rendered":"https:\/\/lapapelera.com\/cba\/?page_id=14905"},"modified":"2020-12-10T13:59:25","modified_gmt":"2020-12-10T17:59:25","slug":"bandejas-apilables","status":"publish","type":"page","link":"https:\/\/lapapelera.com\/cba\/productos\/linea-industrial\/bandejas-apilables\/","title":{"rendered":"Bandejas Apilables"},"content":{"rendered":"<section data-vc-full-width=\"true\" data-vc-full-width-init=\"false\" data-vc-stretch-content=\"true\" class=\"vc_section vc_custom_1605494913919 vc_section-has-fill\"><div class=\"container  dark\"><div class=\"section_clear\"><div id=\"fws_69fa341202bcb\" class=\"wpb_row vc_row vc_row-fluid  animate_onoffset row-dynamic-el standard_section    vc_row-o-equal-height vc_row-flex normal \" style=\"\"><div  style=\"position: absolute;top: 0;\"><\/div><div class=\"wpb_column column_container with_padding wpb_column vc_column_container vc_col-sm-6\"><div class=\"vc_column-inner  \"  style=\"padding:\" data-animation=\"none\" data-delay=\"\"><div class=\"wpb_wrapper\"><div class=\"wpb_content_element media media_el yes animate_onoffset\"><img decoding=\"async\" src=\"https:\/\/lapapelera.com\/cba\/wp-content\/uploads\/2020\/12\/Bandejas-Aplilables.jpg\" alt=\"Portfolio\" class=\"type_image media_animation animation_left alignment_left\"  \/><\/div><\/div><\/div><\/div><div class=\"wpb_column column_container with_padding wpb_column vc_column_container vc_col-sm-6\"><div class=\"vc_column-inner  \"  style=\" color: #ffffff;padding:\" data-animation=\"none\" data-delay=\"\"><div class=\"wpb_wrapper\">\n\t<div class=\"wpb_text_column wpb_content_element \">\n\t\t<div class=\"wpb_wrapper\">\n\t\t\t<h1><strong><span style=\"color: #27a0dc;\">BANDEJAS APILABLES<\/span><\/strong><\/h1>\n<p>&nbsp;<\/p>\n<h4><span style=\"color: #27a0dc;\">Descripci\u00f3n<\/span><\/h4>\n<p><span style=\"color: #ffffff;\">Bandejas fabricadas en cart\u00f3n corrugado con altas propiedades de apilamiento y protecci\u00f3n de su producto contra las exigencias del embalaje, almacenamiento y transporte.<\/span><\/p>\n<p><span style=\"color: #ffffff;\">Dise\u00f1adas para facilitar la ventilaci\u00f3n de los productos empacados y para armado autom\u00e1tico.<\/span><\/p>\n<p><span style=\"color: #ffffff;\">Sistema rentable y eficaz para el embalaje y transporte de productos.<\/span><\/p>\n<h3><span style=\"color: #27a0dc;\">Caracter\u00edsticas<\/span><\/h3>\n<ul>\n<li><span style=\"color: #ffffff;\">Opci\u00f3n de fabricaci\u00f3n a medida para adaptarlas a sus requisitos exactos de tama\u00f1o y rendimiento.<\/span><\/li>\n<li><span style=\"color: #ffffff;\">Disponibles en distintas estructuras de cart\u00f3n corrugado<span class=\"Apple-converted-space\">\u00a0<\/span><\/span><\/li>\n<li><span style=\"color: #ffffff;\">Impresi\u00f3n flexogr\u00e1fica o pre impresi\u00f3n de alta calidad para una \u00f3ptima presentaci\u00f3n.<\/span><\/li>\n<li><span style=\"color: #ffffff;\">Cajas entregadas al cliente en formato plano, por lo que genera grandes ahorros de espacio de almacenamiento en comparaci\u00f3n a otro tipo de empaque.<\/span><\/li>\n<li><span style=\"color: #ffffff;\">Son ofrecidas para armado manual o armado autom\u00e1tico.<\/span><\/li>\n<li><span style=\"color: #ffffff;\">Pueden ser ofrecidas con recubrimientos que incrementan la resistencia de la caja contra la humedad.<\/span><\/li>\n<li><span style=\"color: #ffffff;\">F\u00e1cilmente reducibles y cien por ciento reciclables.<\/span><\/li>\n<\/ul>\n<div class=\"col-sm-6\">\n<h3><span style=\"color: #27a0dc;\">\u00bfPor qu\u00e9 nos eligen?<\/span><\/h3>\n<ul>\n<li><span style=\"color: #ffffff;\">Soporte t\u00e9cnico pre y post venta.<\/span><\/li>\n<li><span style=\"color: #ffffff;\">Amplia experiencia y apoyo en el dise\u00f1o de su caja, elaboraci\u00f3n de prototipo, pruebas piloto y pruebas industriales.<\/span><\/li>\n<li><span style=\"color: #ffffff;\">Soporte t\u00e9cnico en m\u00e1quinas y equipos de apoyo para el armado autom\u00e1tico de este tipo de cajas, almacenamiento y log\u00edstica de sus productos.<\/span><\/li>\n<li><span style=\"color: #ffffff;\">Tiempos r\u00e1pidos de entrega incluso en grandes cantidades.<\/span><\/li>\n<li><span style=\"color: #ffffff;\">Fabricadas a partir de fuentes de materias primas sostenibles y renovables.<\/span><\/li>\n<li><span style=\"color: #ffffff;\">Pruebas de simulaci\u00f3n de clima, alta humedad, alta temperatura, c\u00e1mara fr\u00eda y congelamiento, que garantizan un \u00f3ptimo desempe\u00f1o acorde a sus requerimientos.<\/span><\/li>\n<li><span style=\"color: #ffffff;\">Atenci\u00f3n comercial en todo el pa\u00eds.<\/span><\/li>\n<\/ul>\n<\/div>\n\n\t\t<\/div> \n\t<\/div> <div class=\"vc_btn3-container vc_btn3-center\" ><a class=\"vc_general vc_btn3 vc_btn3-size-md vc_btn3-shape-square vc_btn3-style-outline vc_btn3-icon-left vc_btn3-color-white\" href=\"\/productos\/linea-industrial\/\" title=\"Productos Industriales\"><i class=\"vc_btn3-icon fas fa-angle-double-left\"><\/i> volver a men\u00fa<\/a><\/div><\/div><\/div><\/div><div class=\"wpb_column column_container with_padding wpb_column vc_column_container vc_col-sm-12\"><div class=\"vc_column-inner  \"  style=\"padding:\" data-animation=\"none\" data-delay=\"\"><div class=\"wpb_wrapper\"><div class=\"vc_empty_space\"   style=\"height: 42px\"><span class=\"vc_empty_space_inner\"><\/span><\/div><\/div><\/div><\/div><\/div><\/div><\/div><\/section><div class=\"vc_row-full-width vc_clearfix\"><\/div>\n","protected":false},"excerpt":{"rendered":"BANDEJAS APILABLES &nbsp; Descripci\u00f3n Bandejas fabricadas en cart\u00f3n corrugado con altas propiedades de apilamiento y protecci\u00f3n de su producto contra las exigencias del embalaje, almacenamiento y transporte. Dise\u00f1adas para facilitar la ventilaci\u00f3n de los productos empacados y para armado autom\u00e1tico. Sistema rentable y eficaz para el embalaje y transporte de productos. Caracter\u00edsticas Opci\u00f3n de fabricaci\u00f3n [...]","protected":false},"author":1,"featured_media":14958,"parent":14782,"menu_order":0,"comment_status":"closed","ping_status":"closed","template":"","meta":{"footnotes":""},"categories":[124],"tags":[],"class_list":["post-14905","page","type-page","status-publish","has-post-thumbnail","hentry","category-cajas-carton"],"_links":{"self":[{"href":"https:\/\/lapapelera.com\/cba\/wp-json\/wp\/v2\/pages\/14905","targetHints":{"allow":["GET"]}}],"collection":[{"href":"https:\/\/lapapelera.com\/cba\/wp-json\/wp\/v2\/pages"}],"about":[{"href":"https:\/\/lapapelera.com\/cba\/wp-json\/wp\/v2\/types\/page"}],"author":[{"embeddable":true,"href":"https:\/\/lapapelera.com\/cba\/wp-json\/wp\/v2\/users\/1"}],"replies":[{"embeddable":true,"href":"https:\/\/lapapelera.com\/cba\/wp-json\/wp\/v2\/comments?post=14905"}],"version-history":[{"count":3,"href":"https:\/\/lapapelera.com\/cba\/wp-json\/wp\/v2\/pages\/14905\/revisions"}],"predecessor-version":[{"id":14975,"href":"https:\/\/lapapelera.com\/cba\/wp-json\/wp\/v2\/pages\/14905\/revisions\/14975"}],"up":[{"embeddable":true,"href":"https:\/\/lapapelera.com\/cba\/wp-json\/wp\/v2\/pages\/14782"}],"wp:featuredmedia":[{"embeddable":true,"href":"https:\/\/lapapelera.com\/cba\/wp-json\/wp\/v2\/media\/14958"}],"wp:attachment":[{"href":"https:\/\/lapapelera.com\/cba\/wp-json\/wp\/v2\/media?parent=14905"}],"wp:term":[{"taxonomy":"category","embeddable":true,"href":"https:\/\/lapapelera.com\/cba\/wp-json\/wp\/v2\/categories?post=14905"},{"taxonomy":"post_tag","embeddable":true,"href":"https:\/\/lapapelera.com\/cba\/wp-json\/wp\/v2\/tags?post=14905"}],"curies":[{"name":"wp","href":"https:\/\/api.w.org\/{rel}","templated":true}]}}