{"id":14924,"date":"2020-12-09T22:55:51","date_gmt":"2020-12-10T02:55:51","guid":{"rendered":"https:\/\/lapapelera.com\/cba\/?page_id=14924"},"modified":"2020-12-09T22:57:52","modified_gmt":"2020-12-10T02:57:52","slug":"etiquetas","status":"publish","type":"page","link":"https:\/\/lapapelera.com\/cba\/productos\/linea-industrial\/etiquetas\/","title":{"rendered":"Etiquetas"},"content":{"rendered":"<section data-vc-full-width=\"true\" data-vc-full-width-init=\"false\" data-vc-stretch-content=\"true\" class=\"vc_section vc_custom_1605494913919 vc_section-has-fill\"><div class=\"container  dark\"><div class=\"section_clear\"><div id=\"fws_69dea378b8222\" class=\"wpb_row vc_row vc_row-fluid  animate_onoffset row-dynamic-el standard_section    vc_row-o-equal-height vc_row-flex normal \" style=\"\"><div  style=\"position: absolute;top: 0;\"><\/div><div class=\"wpb_column column_container with_padding wpb_column vc_column_container vc_col-sm-6\"><div class=\"vc_column-inner  \"  style=\"padding:\" data-animation=\"none\" data-delay=\"\"><div class=\"wpb_wrapper\"><div class=\"wpb_content_element media media_el yes animate_onoffset\"><img decoding=\"async\" src=\"\" alt=\"Portfolio\" class=\"type_image media_animation animation_left alignment_left\"  \/><\/div><\/div><\/div><\/div><div class=\"wpb_column column_container with_padding wpb_column vc_column_container vc_col-sm-6\"><div class=\"vc_column-inner  \"  style=\" color: #ffffff;padding:\" data-animation=\"none\" data-delay=\"\"><div class=\"wpb_wrapper\">\n\t<div class=\"wpb_text_column wpb_content_element \">\n\t\t<div class=\"wpb_wrapper\">\n\t\t\t<h1><strong><span style=\"color: #27a0dc;\">ETIQUETAS<\/span><\/strong><\/h1>\n<p>&nbsp;<\/p>\n<h3><span style=\"color: #27a0dc;\">Descripci\u00f3n<\/span><\/h3>\n<p><span style=\"color: #ffffff;\">Impresi\u00f3n de alta calidad en materiales espec\u00edficamente fabricados para este prop\u00f3sito.<\/span><\/p>\n<p><span style=\"color: #ffffff;\">Resistentes a diferentes condiciones de exhibici\u00f3n en el punto de venta.<\/span><\/p>\n<p><span style=\"color: #ffffff;\">Uso de tintas y barnices UV y\/o convencionales.<\/span><\/p>\n<p><span style=\"color: #ffffff;\">Combinaci\u00f3n de diferentes tipos de barnices, contrastes brillantes y mates, sectorizado, dripp off, hot stamping, relieves y otros que resaltan el producto.<\/span><\/p>\n<h3><b style=\"color: #27a0dc;\">Caracter\u00edsticas<\/b><\/h3>\n<ul>\n<li><span style=\"color: #ffffff;\">M\u00e1xima calidad de impresi\u00f3n y procesos controlados que favorecen el uso del producto.<\/span><\/li>\n<li><span style=\"color: #ffffff;\">Forma y dise\u00f1o acorde a requerimientos del cliente.<\/span><\/li>\n<li><span style=\"color: #ffffff;\">Papeles con caracter\u00edsticas especiales como cerveceros, papeles gofrados, autoadhesivos, polipropilenos y metalizados.<\/span><\/li>\n<li><span style=\"color: #ffffff;\">Aplicaci\u00f3n de acabados con barniz sectorizado y\/o plastificado, para resistencia a agentes agresivos.<\/span><\/li>\n<\/ul>\n<h3><span style=\"color: #27a0dc;\"><b>\u00bfPor qu\u00e9 nos eligen?<\/b><\/span><\/h3>\n<ul>\n<li><span style=\"color: #ffffff;\">Soporte t\u00e9cnico pre y post venta.<\/span><\/li>\n<li><span style=\"color: #ffffff;\">Alternativa ecol\u00f3gicamente favorable.<\/span><\/li>\n<li><span style=\"color: #ffffff;\">Dise\u00f1o a medida para satisfacer requisitos de imagen, funcionalidad y tama\u00f1o.<\/span><\/li>\n<li><span style=\"color: #ffffff;\">Tecnolog\u00eda de \u00faltima generaci\u00f3n que acelera procesos de pre prensa y\/o cambios imprevistos por el cliente.<span class=\"Apple-converted-space\">\u00a0<\/span><\/span><\/li>\n<li><span style=\"color: #ffffff;\">Estabilidad de color manteniendo la referencia de tonalidad inicial en cada producci\u00f3n.<span class=\"Apple-converted-space\">\u00a0<\/span><\/span><\/li>\n<li><span style=\"color: #ffffff;\">Presencia comercial personalizada.<\/span><\/li>\n<\/ul>\n\n\t\t<\/div> \n\t<\/div> <div class=\"vc_btn3-container vc_btn3-center\" ><a class=\"vc_general vc_btn3 vc_btn3-size-md vc_btn3-shape-square vc_btn3-style-outline vc_btn3-icon-left vc_btn3-color-white\" href=\"\/productos\/linea-industrial\/\" title=\"Productos Industriales\"><i class=\"vc_btn3-icon fas fa-angle-double-left\"><\/i> volver a men\u00fa<\/a><\/div><\/div><\/div><\/div><div class=\"wpb_column column_container with_padding wpb_column vc_column_container vc_col-sm-12\"><div class=\"vc_column-inner  \"  style=\"padding:\" data-animation=\"none\" data-delay=\"\"><div class=\"wpb_wrapper\"><div class=\"vc_empty_space\"   style=\"height: 42px\"><span class=\"vc_empty_space_inner\"><\/span><\/div><\/div><\/div><\/div><\/div><\/div><\/div><\/section><div class=\"vc_row-full-width vc_clearfix\"><\/div>\n","protected":false},"excerpt":{"rendered":"ETIQUETAS &nbsp; Descripci\u00f3n Impresi\u00f3n de alta calidad en materiales espec\u00edficamente fabricados para este prop\u00f3sito. Resistentes a diferentes condiciones de exhibici\u00f3n en el punto de venta. Uso de tintas y barnices UV y\/o convencionales. Combinaci\u00f3n de diferentes tipos de barnices, contrastes brillantes y mates, sectorizado, dripp off, hot stamping, relieves y otros que resaltan el producto. [...]","protected":false},"author":1,"featured_media":0,"parent":14782,"menu_order":0,"comment_status":"closed","ping_status":"closed","template":"","meta":{"footnotes":""},"categories":[127],"tags":[],"class_list":["post-14924","page","type-page","status-publish","hentry","category-estuches-cartulina"],"_links":{"self":[{"href":"https:\/\/lapapelera.com\/cba\/wp-json\/wp\/v2\/pages\/14924","targetHints":{"allow":["GET"]}}],"collection":[{"href":"https:\/\/lapapelera.com\/cba\/wp-json\/wp\/v2\/pages"}],"about":[{"href":"https:\/\/lapapelera.com\/cba\/wp-json\/wp\/v2\/types\/page"}],"author":[{"embeddable":true,"href":"https:\/\/lapapelera.com\/cba\/wp-json\/wp\/v2\/users\/1"}],"replies":[{"embeddable":true,"href":"https:\/\/lapapelera.com\/cba\/wp-json\/wp\/v2\/comments?post=14924"}],"version-history":[{"count":3,"href":"https:\/\/lapapelera.com\/cba\/wp-json\/wp\/v2\/pages\/14924\/revisions"}],"predecessor-version":[{"id":14928,"href":"https:\/\/lapapelera.com\/cba\/wp-json\/wp\/v2\/pages\/14924\/revisions\/14928"}],"up":[{"embeddable":true,"href":"https:\/\/lapapelera.com\/cba\/wp-json\/wp\/v2\/pages\/14782"}],"wp:attachment":[{"href":"https:\/\/lapapelera.com\/cba\/wp-json\/wp\/v2\/media?parent=14924"}],"wp:term":[{"taxonomy":"category","embeddable":true,"href":"https:\/\/lapapelera.com\/cba\/wp-json\/wp\/v2\/categories?post=14924"},{"taxonomy":"post_tag","embeddable":true,"href":"https:\/\/lapapelera.com\/cba\/wp-json\/wp\/v2\/tags?post=14924"}],"curies":[{"name":"wp","href":"https:\/\/api.w.org\/{rel}","templated":true}]}}