{"id":14805,"date":"2020-11-15T22:41:50","date_gmt":"2020-11-16T02:41:50","guid":{"rendered":"https:\/\/lapapelera.com\/scz\/?page_id=14805"},"modified":"2020-11-15T23:32:42","modified_gmt":"2020-11-16T03:32:42","slug":"cajas-regulares","status":"publish","type":"page","link":"https:\/\/lapapelera.com\/scz\/productos\/linea-industrial\/cajas-regulares\/","title":{"rendered":"Cajas Regulares"},"content":{"rendered":"<section data-vc-full-width=\"true\" data-vc-full-width-init=\"false\" data-vc-stretch-content=\"true\" class=\"vc_section vc_custom_1605494913919 vc_section-has-fill\"><div class=\"container  dark\"><div class=\"section_clear\"><div id=\"fws_69d53ffda5fed\" class=\"wpb_row vc_row vc_row-fluid  animate_onoffset row-dynamic-el standard_section    vc_row-o-equal-height vc_row-flex normal \" style=\"\"><div  style=\"position: absolute;top: 0;\"><\/div><div class=\"wpb_column column_container with_padding wpb_column vc_column_container vc_col-sm-6\"><div class=\"vc_column-inner  \"  style=\"padding:\" data-animation=\"none\" data-delay=\"\"><div class=\"wpb_wrapper\"><div class=\"wpb_content_element media media_el yes animate_onoffset\"><img decoding=\"async\" src=\"https:\/\/lapapelera.com\/scz\/wp-content\/uploads\/2020\/10\/cajas-regulares.png\" alt=\"Portfolio\" class=\"type_image media_animation animation_left alignment_left\"  \/><\/div><\/div><\/div><\/div><div class=\"wpb_column column_container with_padding wpb_column vc_column_container vc_col-sm-6\"><div class=\"vc_column-inner  \"  style=\" color: #ffffff;padding:\" data-animation=\"none\" data-delay=\"\"><div class=\"wpb_wrapper\">\n\t<div class=\"wpb_text_column wpb_content_element \">\n\t\t<div class=\"wpb_wrapper\">\n\t\t\t<h1><strong><span style=\"color: #27a0dc;\">CAJAS REGULARES<\/span><\/strong><\/h1>\n<p>&nbsp;<\/p>\n<h4><span style=\"color: #27a0dc;\">Descripci\u00f3n<\/span><\/h4>\n<p><span style=\"color: #ffffff;\">Este tipo de cajas son las mas adecuadas para el embalaje de productos.<\/span><br \/>\n<span style=\"color: #ffffff;\">Ofrecen protecci\u00f3n y gran resistencia para soportar las tareas de embalaje, log\u00edstica, el apilamiento y el transporte de su producto.<\/span><br \/>\n<span style=\"color: #ffffff;\">Aseguran la protecci\u00f3n de sus productos a lo largo de toda la cadena log\u00edstica.<\/span><br \/>\n<span style=\"color: #ffffff;\">Potencian su imagen comercial gracias a una alta calidad de impresi\u00f3n.<\/span><br \/>\n<span style=\"color: #ffffff;\">Sistema rentable y eficaz para el embalaje y transporte de productos.<\/span><\/p>\n<p>&nbsp;<\/p>\n<h3><span style=\"color: #27a0dc;\">Caracter\u00edsticas<\/span><\/h3>\n<ul class=\"disc\">\n<li><span style=\"color: #ffffff;\">Se fabrican en diversos tama\u00f1os de acuerdo a lo requerido por los clientes y sus productos.<\/span><\/li>\n<li><span style=\"color: #ffffff;\">Cajas aptas para el armado manual y autom\u00e1tico.<\/span><\/li>\n<li><span style=\"color: #ffffff;\">Tienen recubrimientos especiales que incrementan la resistencia de la caja contra la humedad.<\/span><\/li>\n<li><span style=\"color: #ffffff;\">Son fabricadas en diversas estructuras de cart\u00f3n, dependiendo de los requerimientos del producto.<\/span><\/li>\n<li><span style=\"color: #ffffff;\">Impresi\u00f3n flexogr\u00e1fica de alta calidad.<\/span><\/li>\n<li><span style=\"color: #ffffff;\">Se pueden agregar perforaciones, refuerzos especiales y\/o divisiones interiores.<\/span><\/li>\n<li><span style=\"color: #ffffff;\">F\u00e1cilmente reducibles una vez utilizadas.<\/span><\/li>\n<li><span style=\"color: #ffffff;\">Cien por ciento reciclables.<\/span><\/li>\n<\/ul>\n<div class=\"col-sm-6\">\n<h3><span style=\"color: #27a0dc;\">\u00bfPor qu\u00e9 nos eligen?<\/span><\/h3>\n<ul class=\"disc\">\n<li><span style=\"color: #ffffff;\">Soporte t\u00e9cnico pre y post venta.<\/span><\/li>\n<li><span style=\"color: #ffffff;\">Amplia experiencia y apoyo en el dise\u00f1o de su caja; elaboraci\u00f3n de prototipos, pruebas piloto y pruebas industriales.<\/span><\/li>\n<li><span style=\"color: #ffffff;\">Asesoramiento t\u00e9cnico en envasado, almacenamiento y log\u00edstica para sus productos.<\/span><\/li>\n<li><span style=\"color: #ffffff;\">Tiempos de entrega r\u00e1pidos.<\/span><\/li>\n<li><span style=\"color: #ffffff;\">Fabricadas a partir de materia prima proveniente de fuentes sostenibles y renovables.<\/span><\/li>\n<li><span style=\"color: #ffffff;\">Atenci\u00f3n comercial en todo el pa\u00eds.<\/span><\/li>\n<\/ul>\n<\/div>\n\n\t\t<\/div> \n\t<\/div> <div class=\"vc_btn3-container vc_btn3-center\" ><a class=\"vc_general vc_btn3 vc_btn3-size-md vc_btn3-shape-square vc_btn3-style-outline vc_btn3-icon-left vc_btn3-color-white\" href=\"\/productos\/linea-industrial\/\" title=\"Productos Industriales\"><i class=\"vc_btn3-icon fas fa-angle-double-left\"><\/i> volver a men\u00fa<\/a><\/div><\/div><\/div><\/div><div class=\"wpb_column column_container with_padding wpb_column vc_column_container vc_col-sm-12\"><div class=\"vc_column-inner  \"  style=\"padding:\" data-animation=\"none\" data-delay=\"\"><div class=\"wpb_wrapper\"><div class=\"vc_empty_space\"   style=\"height: 42px\"><span class=\"vc_empty_space_inner\"><\/span><\/div><\/div><\/div><\/div><\/div><\/div><\/div><\/section><div class=\"vc_row-full-width vc_clearfix\"><\/div>\n","protected":false},"excerpt":{"rendered":"CAJAS REGULARES &nbsp; Descripci\u00f3n Este tipo de cajas son las mas adecuadas para el embalaje de productos. Ofrecen protecci\u00f3n y gran resistencia para soportar las tareas de embalaje, log\u00edstica, el apilamiento y el transporte de su producto. Aseguran la protecci\u00f3n de sus productos a lo largo de toda la cadena log\u00edstica. Potencian su imagen comercial [...]","protected":false},"author":1,"featured_media":14804,"parent":14782,"menu_order":0,"comment_status":"closed","ping_status":"closed","template":"","meta":{"footnotes":""},"categories":[124],"tags":[],"class_list":["post-14805","page","type-page","status-publish","has-post-thumbnail","hentry","category-cajas-carton"],"_links":{"self":[{"href":"https:\/\/lapapelera.com\/scz\/wp-json\/wp\/v2\/pages\/14805","targetHints":{"allow":["GET"]}}],"collection":[{"href":"https:\/\/lapapelera.com\/scz\/wp-json\/wp\/v2\/pages"}],"about":[{"href":"https:\/\/lapapelera.com\/scz\/wp-json\/wp\/v2\/types\/page"}],"author":[{"embeddable":true,"href":"https:\/\/lapapelera.com\/scz\/wp-json\/wp\/v2\/users\/1"}],"replies":[{"embeddable":true,"href":"https:\/\/lapapelera.com\/scz\/wp-json\/wp\/v2\/comments?post=14805"}],"version-history":[{"count":8,"href":"https:\/\/lapapelera.com\/scz\/wp-json\/wp\/v2\/pages\/14805\/revisions"}],"predecessor-version":[{"id":14824,"href":"https:\/\/lapapelera.com\/scz\/wp-json\/wp\/v2\/pages\/14805\/revisions\/14824"}],"up":[{"embeddable":true,"href":"https:\/\/lapapelera.com\/scz\/wp-json\/wp\/v2\/pages\/14782"}],"wp:featuredmedia":[{"embeddable":true,"href":"https:\/\/lapapelera.com\/scz\/wp-json\/wp\/v2\/media\/14804"}],"wp:attachment":[{"href":"https:\/\/lapapelera.com\/scz\/wp-json\/wp\/v2\/media?parent=14805"}],"wp:term":[{"taxonomy":"category","embeddable":true,"href":"https:\/\/lapapelera.com\/scz\/wp-json\/wp\/v2\/categories?post=14805"},{"taxonomy":"post_tag","embeddable":true,"href":"https:\/\/lapapelera.com\/scz\/wp-json\/wp\/v2\/tags?post=14805"}],"curies":[{"name":"wp","href":"https:\/\/api.w.org\/{rel}","templated":true}]}}