{"id":14838,"date":"2020-11-16T00:02:24","date_gmt":"2020-11-16T04:02:24","guid":{"rendered":"https:\/\/lapapelera.com\/scz\/?page_id=14838"},"modified":"2020-11-16T00:14:42","modified_gmt":"2020-11-16T04:14:42","slug":"sacos-fondo-pegado","status":"publish","type":"page","link":"https:\/\/lapapelera.com\/scz\/productos\/linea-industrial\/sacos-fondo-pegado\/","title":{"rendered":"Sacos Fondo Pegado"},"content":{"rendered":"<section data-vc-full-width=\"true\" data-vc-full-width-init=\"false\" data-vc-stretch-content=\"true\" class=\"vc_section vc_custom_1605494913919 vc_section-has-fill\"><div class=\"container  dark\"><div class=\"section_clear\"><div id=\"fws_69ecf0e986042\" class=\"wpb_row vc_row vc_row-fluid  animate_onoffset row-dynamic-el standard_section    vc_row-o-equal-height vc_row-flex normal \" style=\"\"><div  style=\"position: absolute;top: 0;\"><\/div><div class=\"wpb_column column_container with_padding wpb_column vc_column_container vc_col-sm-6\"><div class=\"vc_column-inner  \"  style=\"padding:\" data-animation=\"none\" data-delay=\"\"><div class=\"wpb_wrapper\"><div class=\"wpb_content_element media media_el yes animate_onoffset\"><img decoding=\"async\" src=\"https:\/\/lapapelera.com\/scz\/wp-content\/uploads\/2020\/11\/sacos-pegado.png\" alt=\"Portfolio\" class=\"type_image media_animation animation_left alignment_left\"  \/><\/div><\/div><\/div><\/div><div class=\"wpb_column column_container with_padding wpb_column vc_column_container vc_col-sm-6\"><div class=\"vc_column-inner  \"  style=\" color: #ffffff;padding:\" data-animation=\"none\" data-delay=\"\"><div class=\"wpb_wrapper\">\n\t<div class=\"wpb_text_column wpb_content_element \">\n\t\t<div class=\"wpb_wrapper\">\n\t\t\t<h1><strong><span style=\"color: #27a0dc;\">SACOS FONDO PEGADO<\/span><\/strong><\/h1>\n<p>&nbsp;<\/p>\n<h4><span style=\"color: #27a0dc;\">Descripci\u00f3n<\/span><\/h4>\n<p><span style=\"color: #ffffff;\">Los sacos fondo pegado son envases primarios cuya cualidad principal es la resistencia, permite soportar la manipulaci\u00f3n y transporte del producto, garantizando la protecci\u00f3n y conservaci\u00f3n del mismo. Son fabricados en dimensiones y dise\u00f1os acorde a las necesidades y exigencias del cliente, utilizando en su fabricaci\u00f3n papeles apropiados para cada aplicaci\u00f3n.<\/span><\/p>\n<p><span style=\"color: #ffffff;\">Los sacos multipliegue fondo pegado son una excelente alternativa para diversos usos como ser:<\/span><\/p>\n<ul>\n<li><span style=\"color: #ffffff;\">Alimentos<\/span><\/li>\n<li><span style=\"color: #ffffff;\">Semillas y granos<\/span><\/li>\n<li><span style=\"color: #ffffff;\">Minerales<\/span><\/li>\n<li><span style=\"color: #ffffff;\">Productos agropecuarios<\/span><\/li>\n<li><span style=\"color: #ffffff;\">Productos para la construcci\u00f3n: Cemento, Estuco y Otros<\/span><\/li>\n<li><span style=\"color: #ffffff;\">Varios<\/span><\/li>\n<\/ul>\n<p>&nbsp;<\/p>\n<h3><span style=\"color: #27a0dc;\">Caracter\u00edsticas<\/span><\/h3>\n<ul>\n<li><span style=\"color: #ffffff;\">Sacos multipliegue fondo pegado boca abierta, con v\u00e1lvula interna o externa.<\/span><\/li>\n<li><span style=\"color: #ffffff;\">Uso de sustratos intermedios para el cumplimiento de barreras.<\/span><\/li>\n<li><span style=\"color: #ffffff;\">Disponibles en diversos formatos.<\/span><\/li>\n<li><span style=\"color: #ffffff;\">Impresi\u00f3n flexogr\u00e1fica de alta calidad.<\/span><\/li>\n<li><span style=\"color: #ffffff;\">Envase adecuado para envasado manual, semiautom\u00e1tico y autom\u00e1tico.<\/span><\/li>\n<li><span style=\"color: #ffffff;\">Opci\u00f3n de fabricaci\u00f3n de lotes peque\u00f1os con impresi\u00f3n personalizada.<\/span><\/li>\n<li><span style=\"color: #ffffff;\">Uso de insumos adecuados y aptos para contacto con alimentos.<\/span><\/li>\n<\/ul>\n<div class=\"col-sm-6\">\n<h3><span style=\"color: #27a0dc;\">\u00bfPor qu\u00e9 nos eligen?<\/span><\/h3>\n<ul>\n<li><span style=\"color: #ffffff;\">Soporte t\u00e9cnico pre y post venta.<\/span><\/li>\n<li><span style=\"color: #ffffff;\">Uso de tecnolog\u00eda apropiada para la fabricaci\u00f3n de este tipo de envases.<\/span><\/li>\n<li><span style=\"color: #ffffff;\">Tiempos de entrega \u00e1giles.<\/span><\/li>\n<li><span style=\"color: #ffffff;\">Calidad garantizada del producto.<\/span><\/li>\n<li><span style=\"color: #ffffff;\">Atenci\u00f3n comercial personalizada.<\/span><\/li>\n<\/ul>\n<\/div>\n\n\t\t<\/div> \n\t<\/div> <div class=\"vc_btn3-container vc_btn3-center\" ><a class=\"vc_general vc_btn3 vc_btn3-size-md vc_btn3-shape-square vc_btn3-style-outline vc_btn3-icon-left vc_btn3-color-white\" href=\"\/productos\/linea-industrial\/\" title=\"Productos Industriales\"><i class=\"vc_btn3-icon fas fa-angle-double-left\"><\/i> volver a men\u00fa<\/a><\/div><\/div><\/div><\/div><div class=\"wpb_column column_container with_padding wpb_column vc_column_container vc_col-sm-12\"><div class=\"vc_column-inner  \"  style=\"padding:\" data-animation=\"none\" data-delay=\"\"><div class=\"wpb_wrapper\"><div class=\"vc_empty_space\"   style=\"height: 42px\"><span class=\"vc_empty_space_inner\"><\/span><\/div><\/div><\/div><\/div><\/div><\/div><\/div><\/section><div class=\"vc_row-full-width vc_clearfix\"><\/div>\n","protected":false},"excerpt":{"rendered":"SACOS FONDO PEGADO &nbsp; Descripci\u00f3n Los sacos fondo pegado son envases primarios cuya cualidad principal es la resistencia, permite soportar la manipulaci\u00f3n y transporte del producto, garantizando la protecci\u00f3n y conservaci\u00f3n del mismo. Son fabricados en dimensiones y dise\u00f1os acorde a las necesidades y exigencias del cliente, utilizando en su fabricaci\u00f3n papeles apropiados para cada [...]","protected":false},"author":1,"featured_media":14841,"parent":14782,"menu_order":0,"comment_status":"closed","ping_status":"closed","template":"","meta":{"footnotes":""},"categories":[126],"tags":[],"class_list":["post-14838","page","type-page","status-publish","has-post-thumbnail","hentry","category-sacos"],"_links":{"self":[{"href":"https:\/\/lapapelera.com\/scz\/wp-json\/wp\/v2\/pages\/14838","targetHints":{"allow":["GET"]}}],"collection":[{"href":"https:\/\/lapapelera.com\/scz\/wp-json\/wp\/v2\/pages"}],"about":[{"href":"https:\/\/lapapelera.com\/scz\/wp-json\/wp\/v2\/types\/page"}],"author":[{"embeddable":true,"href":"https:\/\/lapapelera.com\/scz\/wp-json\/wp\/v2\/users\/1"}],"replies":[{"embeddable":true,"href":"https:\/\/lapapelera.com\/scz\/wp-json\/wp\/v2\/comments?post=14838"}],"version-history":[{"count":3,"href":"https:\/\/lapapelera.com\/scz\/wp-json\/wp\/v2\/pages\/14838\/revisions"}],"predecessor-version":[{"id":14844,"href":"https:\/\/lapapelera.com\/scz\/wp-json\/wp\/v2\/pages\/14838\/revisions\/14844"}],"up":[{"embeddable":true,"href":"https:\/\/lapapelera.com\/scz\/wp-json\/wp\/v2\/pages\/14782"}],"wp:featuredmedia":[{"embeddable":true,"href":"https:\/\/lapapelera.com\/scz\/wp-json\/wp\/v2\/media\/14841"}],"wp:attachment":[{"href":"https:\/\/lapapelera.com\/scz\/wp-json\/wp\/v2\/media?parent=14838"}],"wp:term":[{"taxonomy":"category","embeddable":true,"href":"https:\/\/lapapelera.com\/scz\/wp-json\/wp\/v2\/categories?post=14838"},{"taxonomy":"post_tag","embeddable":true,"href":"https:\/\/lapapelera.com\/scz\/wp-json\/wp\/v2\/tags?post=14838"}],"curies":[{"name":"wp","href":"https:\/\/api.w.org\/{rel}","templated":true}]}}