{"id":14892,"date":"2020-12-09T21:46:29","date_gmt":"2020-12-10T01:46:29","guid":{"rendered":"https:\/\/lapapelera.com\/scz\/?page_id=14892"},"modified":"2020-12-10T13:56:02","modified_gmt":"2020-12-10T17:56:02","slug":"cajas-exhibidoras","status":"publish","type":"page","link":"https:\/\/lapapelera.com\/scz\/productos\/linea-industrial\/cajas-exhibidoras\/","title":{"rendered":"Cajas Exhibidoras"},"content":{"rendered":"<section data-vc-full-width=\"true\" data-vc-full-width-init=\"false\" data-vc-stretch-content=\"true\" class=\"vc_section vc_custom_1605494913919 vc_section-has-fill\"><div class=\"container  dark\"><div class=\"section_clear\"><div id=\"fws_69d5e2b0aa7d3\" class=\"wpb_row vc_row vc_row-fluid  animate_onoffset row-dynamic-el standard_section    vc_row-o-equal-height vc_row-flex normal \" style=\"\"><div  style=\"position: absolute;top: 0;\"><\/div><div class=\"wpb_column column_container with_padding wpb_column vc_column_container vc_col-sm-6\"><div class=\"vc_column-inner  \"  style=\"padding:\" data-animation=\"none\" data-delay=\"\"><div class=\"wpb_wrapper\"><div class=\"wpb_content_element media media_el yes animate_onoffset\"><img decoding=\"async\" src=\"https:\/\/lapapelera.com\/scz\/wp-content\/uploads\/2020\/12\/Cajas-Exhibidoras.jpg\" alt=\"Portfolio\" class=\"type_image media_animation animation_left alignment_left\"  \/><\/div><\/div><\/div><\/div><div class=\"wpb_column column_container with_padding wpb_column vc_column_container vc_col-sm-6\"><div class=\"vc_column-inner  \"  style=\" color: #ffffff;padding:\" data-animation=\"none\" data-delay=\"\"><div class=\"wpb_wrapper\">\n\t<div class=\"wpb_text_column wpb_content_element \">\n\t\t<div class=\"wpb_wrapper\">\n\t\t\t<h1><strong><span style=\"color: #27a0dc;\">CAJAS EXIBIDORAS<\/span><\/strong><\/h1>\n<p>&nbsp;<\/p>\n<h4><span style=\"color: #27a0dc;\">Descripci\u00f3n<\/span><\/h4>\n<p><span style=\"color: #ffffff;\">Empaques dise\u00f1ados para facilitar su exhibici\u00f3n en el punto de venta y la toma r\u00e1pida del producto por parte del cliente.<\/span><br \/>\n<span style=\"color: #ffffff;\">Evita los costos del manipuleo intermedio del producto que son generados por el desembalaje y ordenamiento individual en los estantes de exhibici\u00f3n. <\/span><br \/>\n<span style=\"color: #ffffff;\">Sistema rentable y eficaz para el embalaje y transporte de productos.<\/span><\/p>\n<h3><span style=\"color: #27a0dc;\">Caracter\u00edsticas<\/span><\/h3>\n<ul>\n<li><span style=\"color: #ffffff;\">F\u00e1ciles de visualizar, de abrir, de comercializar y de transportar.<\/span><\/li>\n<li><span style=\"color: #ffffff;\">Se ofrecen en una gran variedad de tama\u00f1os.<\/span><\/li>\n<li><span style=\"color: #ffffff;\">Resistentes al apilamiento.<\/span><\/li>\n<li><span style=\"color: #ffffff;\">Se pueden incorporar accesorios de apertura f\u00e1cil.<\/span><\/li>\n<li><span style=\"color: #ffffff;\">Pueden incorporarse perforaciones.<\/span><\/li>\n<li><span style=\"color: #ffffff;\">Gran calidad de impresi\u00f3n o pre impresi\u00f3n.<\/span><\/li>\n<li><span style=\"color: #ffffff;\">Reducci\u00f3n de costos de log\u00edstica interna de puntos comerciales.<\/span><\/li>\n<li><span style=\"color: #ffffff;\">Incremento en las ventas del cliente, por facilidad y rapidez de reposici\u00f3n de stock en puntos de exhibici\u00f3n.<\/span><\/li>\n<li><span style=\"color: #ffffff;\">F\u00e1cilmente reducibles.<\/span><\/li>\n<li><span style=\"color: #ffffff;\">Cien por ciento reciclables.<\/span><\/li>\n<\/ul>\n<div class=\"col-sm-6\">\n<h3><span style=\"color: #27a0dc;\">\u00bfPor qu\u00e9 nos eligen?<\/span><\/h3>\n<ul>\n<li><span style=\"color: #ffffff;\">Soporte t\u00e9cnico pre y post venta.<\/span><\/li>\n<li><span style=\"color: #ffffff;\">Amplia experiencia y apoyo en el dise\u00f1o de su caja; elaboracion de prototipos, pruebas piloto y pruebas industriales.<\/span><\/li>\n<li><span style=\"color: #ffffff;\">Soporte t\u00e9cnico en tecnolog\u00eda del envasado, almacenamiento y log\u00edstica de sus productos.<\/span><\/li>\n<li><span style=\"color: #ffffff;\">Tiempos r\u00e1pidos de entrega incluso en grandes cantidades.<\/span><\/li>\n<li><span style=\"color: #ffffff;\">Fabricadas a partir de fuentes de materias primas sostenibles y renovables.<\/span><\/li>\n<li><span style=\"color: #ffffff;\">Atenci\u00f3n comercial en todo el pa\u00eds.<\/span><\/li>\n<\/ul>\n<\/div>\n\n\t\t<\/div> \n\t<\/div> <div class=\"vc_btn3-container vc_btn3-center\" ><a class=\"vc_general vc_btn3 vc_btn3-size-md vc_btn3-shape-square vc_btn3-style-outline vc_btn3-icon-left vc_btn3-color-white\" href=\"\/productos\/linea-industrial\/\" title=\"Productos Industriales\"><i class=\"vc_btn3-icon fas fa-angle-double-left\"><\/i> volver a men\u00fa<\/a><\/div><\/div><\/div><\/div><div class=\"wpb_column column_container with_padding wpb_column vc_column_container vc_col-sm-12\"><div class=\"vc_column-inner  \"  style=\"padding:\" data-animation=\"none\" data-delay=\"\"><div class=\"wpb_wrapper\"><div class=\"vc_empty_space\"   style=\"height: 42px\"><span class=\"vc_empty_space_inner\"><\/span><\/div><\/div><\/div><\/div><\/div><\/div><\/div><\/section><div class=\"vc_row-full-width vc_clearfix\"><\/div>\n","protected":false},"excerpt":{"rendered":"CAJAS EXIBIDORAS &nbsp; Descripci\u00f3n Empaques dise\u00f1ados para facilitar su exhibici\u00f3n en el punto de venta y la toma r\u00e1pida del producto por parte del cliente. Evita los costos del manipuleo intermedio del producto que son generados por el desembalaje y ordenamiento individual en los estantes de exhibici\u00f3n. Sistema rentable y eficaz para el embalaje y [...]","protected":false},"author":1,"featured_media":14952,"parent":14782,"menu_order":0,"comment_status":"closed","ping_status":"closed","template":"","meta":{"footnotes":""},"categories":[124],"tags":[],"class_list":["post-14892","page","type-page","status-publish","has-post-thumbnail","hentry","category-cajas-carton"],"_links":{"self":[{"href":"https:\/\/lapapelera.com\/scz\/wp-json\/wp\/v2\/pages\/14892","targetHints":{"allow":["GET"]}}],"collection":[{"href":"https:\/\/lapapelera.com\/scz\/wp-json\/wp\/v2\/pages"}],"about":[{"href":"https:\/\/lapapelera.com\/scz\/wp-json\/wp\/v2\/types\/page"}],"author":[{"embeddable":true,"href":"https:\/\/lapapelera.com\/scz\/wp-json\/wp\/v2\/users\/1"}],"replies":[{"embeddable":true,"href":"https:\/\/lapapelera.com\/scz\/wp-json\/wp\/v2\/comments?post=14892"}],"version-history":[{"count":4,"href":"https:\/\/lapapelera.com\/scz\/wp-json\/wp\/v2\/pages\/14892\/revisions"}],"predecessor-version":[{"id":14970,"href":"https:\/\/lapapelera.com\/scz\/wp-json\/wp\/v2\/pages\/14892\/revisions\/14970"}],"up":[{"embeddable":true,"href":"https:\/\/lapapelera.com\/scz\/wp-json\/wp\/v2\/pages\/14782"}],"wp:featuredmedia":[{"embeddable":true,"href":"https:\/\/lapapelera.com\/scz\/wp-json\/wp\/v2\/media\/14952"}],"wp:attachment":[{"href":"https:\/\/lapapelera.com\/scz\/wp-json\/wp\/v2\/media?parent=14892"}],"wp:term":[{"taxonomy":"category","embeddable":true,"href":"https:\/\/lapapelera.com\/scz\/wp-json\/wp\/v2\/categories?post=14892"},{"taxonomy":"post_tag","embeddable":true,"href":"https:\/\/lapapelera.com\/scz\/wp-json\/wp\/v2\/tags?post=14892"}],"curies":[{"name":"wp","href":"https:\/\/api.w.org\/{rel}","templated":true}]}}