{"id":14907,"date":"2020-12-09T22:27:31","date_gmt":"2020-12-10T02:27:31","guid":{"rendered":"https:\/\/lapapelera.com\/scz\/?page_id=14907"},"modified":"2020-12-10T13:53:15","modified_gmt":"2020-12-10T17:53:15","slug":"microcorrugado","status":"publish","type":"page","link":"https:\/\/lapapelera.com\/scz\/productos\/linea-industrial\/microcorrugado\/","title":{"rendered":"Microcorrugado"},"content":{"rendered":"<section data-vc-full-width=\"true\" data-vc-full-width-init=\"false\" data-vc-stretch-content=\"true\" class=\"vc_section vc_custom_1605494913919 vc_section-has-fill\"><div class=\"container  dark\"><div class=\"section_clear\"><div id=\"fws_69d5e2093cb1f\" class=\"wpb_row vc_row vc_row-fluid  animate_onoffset row-dynamic-el standard_section    vc_row-o-equal-height vc_row-flex normal \" style=\"\"><div  style=\"position: absolute;top: 0;\"><\/div><div class=\"wpb_column column_container with_padding wpb_column vc_column_container vc_col-sm-6\"><div class=\"vc_column-inner  \"  style=\"padding:\" data-animation=\"none\" data-delay=\"\"><div class=\"wpb_wrapper\"><div class=\"wpb_content_element media media_el yes animate_onoffset\"><img decoding=\"async\" src=\"https:\/\/lapapelera.com\/scz\/wp-content\/uploads\/2020\/12\/Microcorrugado.jpg\" alt=\"Portfolio\" class=\"type_image media_animation animation_left alignment_left\"  \/><\/div><\/div><\/div><\/div><div class=\"wpb_column column_container with_padding wpb_column vc_column_container vc_col-sm-6\"><div class=\"vc_column-inner  \"  style=\" color: #ffffff;padding:\" data-animation=\"none\" data-delay=\"\"><div class=\"wpb_wrapper\">\n\t<div class=\"wpb_text_column wpb_content_element \">\n\t\t<div class=\"wpb_wrapper\">\n\t\t\t<h1><strong><span style=\"color: #27a0dc;\">CAJA EN CARTON MICROCORRUGADO<\/span><\/strong><\/h1>\n<p>&nbsp;<\/p>\n<h4><span style=\"color: #27a0dc;\">Descripci\u00f3n<\/span><\/h4>\n<p><span style=\"color: #ffffff;\">Empaques fabricados en cart\u00f3n microcorrugado.<\/span><\/p>\n<p><span style=\"color: #ffffff;\">Son ofrecidos en una amplia gama de formas y tama\u00f1os.<\/span><\/p>\n<p><span style=\"color: #ffffff;\">Aptos para el contacto con alimentos, empaque ideal para productos como pizzas, tortas y pasteler\u00eda.<\/span><\/p>\n<p><span style=\"color: #ffffff;\">Alta calidad de impresi\u00f3n que permite diferenciar y resaltar sus productos respecto a los de su competencia.<\/span><\/p>\n<p><span style=\"color: #ffffff;\">Pueden ser utilizadas como empaque primario para una gran variedad de productos como calzados, sombreros, cajas para botellas y otros.<\/span><\/p>\n<p><span style=\"color: #ffffff;\">Sistema rentable y eficaz para el embalaje y transporte de productos.<\/span><\/p>\n<h3><span style=\"color: #27a0dc;\">Caracter\u00edsticas<\/span><\/h3>\n<ul>\n<li><span style=\"color: #ffffff;\">Fabricadas a medida.<\/span><\/li>\n<li><span style=\"color: #ffffff;\">Uso de papeles aptos para el contacto con alimentos.<\/span><\/li>\n<li><span style=\"color: #ffffff;\">Impresi\u00f3n o preimpresi\u00f3n de alta calidad.<\/span><\/li>\n<li><span style=\"color: #ffffff;\">Cajas autoarmables, no requieren grapas ni adhesivo.<\/span><\/li>\n<li><span style=\"color: #ffffff;\">Pueden incorporarse perforaciones que permiten la ventilaci\u00f3n del producto y la manipulaci\u00f3n de la caja.<\/span><\/li>\n<li><span style=\"color: #ffffff;\">F\u00e1cilmente reducibles y cien por ciento reciclables.<\/span><\/li>\n<\/ul>\n<div class=\"col-sm-6\">\n<h3><span style=\"color: #27a0dc;\">\u00bfPor qu\u00e9 nos eligen?<\/span><\/h3>\n<ul>\n<li><span style=\"color: #ffffff;\">Soporte t\u00e9cnico pre y post venta.<\/span><\/li>\n<li><span style=\"color: #ffffff;\">Amplia experiencia y apoyo en el dise\u00f1o de su caja, elaboraci\u00f3n de prototipo, pruebas piloto y pruebas industriales.<\/span><\/li>\n<li><span style=\"color: #ffffff;\">Tiempos r\u00e1pidos de entrega incluso en grandes cantidades.<\/span><\/li>\n<li><span style=\"color: #ffffff;\">Fabricadas a partir de fuentes de materias primas sostenibles y renovables.<\/span><\/li>\n<li><span style=\"color: #ffffff;\">Atenci\u00f3n comercial en todo el pa\u00eds.<\/span><\/li>\n<\/ul>\n<\/div>\n\n\t\t<\/div> \n\t<\/div> <div class=\"vc_btn3-container vc_btn3-center\" ><a class=\"vc_general vc_btn3 vc_btn3-size-md vc_btn3-shape-square vc_btn3-style-outline vc_btn3-icon-left vc_btn3-color-white\" href=\"\/productos\/linea-industrial\/\" title=\"Productos Industriales\"><i class=\"vc_btn3-icon fas fa-angle-double-left\"><\/i> volver a men\u00fa<\/a><\/div><\/div><\/div><\/div><div class=\"wpb_column column_container with_padding wpb_column vc_column_container vc_col-sm-12\"><div class=\"vc_column-inner  \"  style=\"padding:\" data-animation=\"none\" data-delay=\"\"><div class=\"wpb_wrapper\"><div class=\"vc_empty_space\"   style=\"height: 42px\"><span class=\"vc_empty_space_inner\"><\/span><\/div><\/div><\/div><\/div><\/div><\/div><\/div><\/section><div class=\"vc_row-full-width vc_clearfix\"><\/div>\n","protected":false},"excerpt":{"rendered":"CAJA EN CARTON MICROCORRUGADO &nbsp; Descripci\u00f3n Empaques fabricados en cart\u00f3n microcorrugado. Son ofrecidos en una amplia gama de formas y tama\u00f1os. Aptos para el contacto con alimentos, empaque ideal para productos como pizzas, tortas y pasteler\u00eda. Alta calidad de impresi\u00f3n que permite diferenciar y resaltar sus productos respecto a los de su competencia. Pueden ser [...]","protected":false},"author":1,"featured_media":14951,"parent":14782,"menu_order":0,"comment_status":"closed","ping_status":"closed","template":"","meta":{"footnotes":""},"categories":[124],"tags":[],"class_list":["post-14907","page","type-page","status-publish","has-post-thumbnail","hentry","category-cajas-carton"],"_links":{"self":[{"href":"https:\/\/lapapelera.com\/scz\/wp-json\/wp\/v2\/pages\/14907","targetHints":{"allow":["GET"]}}],"collection":[{"href":"https:\/\/lapapelera.com\/scz\/wp-json\/wp\/v2\/pages"}],"about":[{"href":"https:\/\/lapapelera.com\/scz\/wp-json\/wp\/v2\/types\/page"}],"author":[{"embeddable":true,"href":"https:\/\/lapapelera.com\/scz\/wp-json\/wp\/v2\/users\/1"}],"replies":[{"embeddable":true,"href":"https:\/\/lapapelera.com\/scz\/wp-json\/wp\/v2\/comments?post=14907"}],"version-history":[{"count":2,"href":"https:\/\/lapapelera.com\/scz\/wp-json\/wp\/v2\/pages\/14907\/revisions"}],"predecessor-version":[{"id":14967,"href":"https:\/\/lapapelera.com\/scz\/wp-json\/wp\/v2\/pages\/14907\/revisions\/14967"}],"up":[{"embeddable":true,"href":"https:\/\/lapapelera.com\/scz\/wp-json\/wp\/v2\/pages\/14782"}],"wp:featuredmedia":[{"embeddable":true,"href":"https:\/\/lapapelera.com\/scz\/wp-json\/wp\/v2\/media\/14951"}],"wp:attachment":[{"href":"https:\/\/lapapelera.com\/scz\/wp-json\/wp\/v2\/media?parent=14907"}],"wp:term":[{"taxonomy":"category","embeddable":true,"href":"https:\/\/lapapelera.com\/scz\/wp-json\/wp\/v2\/categories?post=14907"},{"taxonomy":"post_tag","embeddable":true,"href":"https:\/\/lapapelera.com\/scz\/wp-json\/wp\/v2\/tags?post=14907"}],"curies":[{"name":"wp","href":"https:\/\/api.w.org\/{rel}","templated":true}]}}