{"id":15233,"date":"2021-07-08T11:00:16","date_gmt":"2021-07-08T15:00:16","guid":{"rendered":"https:\/\/lapapelera.com\/scz\/?post_type=product&#038;p=15233"},"modified":"2025-12-08T16:57:44","modified_gmt":"2025-12-08T20:57:44","slug":"caja-torta-mediana-alta-blanca-30x30x16-cm","status":"publish","type":"product","link":"https:\/\/lapapelera.com\/scz\/producto\/caja-torta-mediana-alta-blanca-30x30x16-cm\/","title":{"rendered":"Caja Torta Mediana Alta Blanca (30x30x16cm)"},"content":{"rendered":"<p>CAJA TORTA MEDIANA ALTA BLANCA (30X30X14)<\/p>\n<p>MEDIDAS: 30X30X14 CM<br \/>\nMATERIAL: Cart\u00f3n corrugado biodegradable blanco *ECOPACK*<br \/>\nIMPRESI\u00d3N: Ninguna<br \/>\nAPLICACIONES: Torta, masitas, pasteler\u00eda<\/p>\n<p>Pedido M\u00ednimo: 50 Und<\/p>\n","protected":false},"excerpt":{"rendered":"<p>CAJA TORTA MEDIANA ALTA BLANCA (30X30X14) MEDIDAS: 30X30X14 CM MATERIAL: Cart\u00f3n corrugado biodegradable blanco *ECOPACK* IMPRESI\u00d3N: Ninguna APLICACIONES: Torta, masitas, pasteler\u00eda Pedido M\u00ednimo: 50 Und<\/p>\n","protected":false},"featured_media":14366,"template":"","meta":[],"product_cat":[138,84,97],"product_tag":[],"class_list":["post-15233","product","type-product","status-publish","has-post-thumbnail","hentry","product_cat-comida-rapida","product_cat-panaderia-y-pasteleria","product_cat-servicios-de-comida-rapida"],"_links":{"self":[{"href":"https:\/\/lapapelera.com\/scz\/wp-json\/wp\/v2\/product\/15233","targetHints":{"allow":["GET"]}}],"collection":[{"href":"https:\/\/lapapelera.com\/scz\/wp-json\/wp\/v2\/product"}],"about":[{"href":"https:\/\/lapapelera.com\/scz\/wp-json\/wp\/v2\/types\/product"}],"wp:featuredmedia":[{"embeddable":true,"href":"https:\/\/lapapelera.com\/scz\/wp-json\/wp\/v2\/media\/14366"}],"wp:attachment":[{"href":"https:\/\/lapapelera.com\/scz\/wp-json\/wp\/v2\/media?parent=15233"}],"wp:term":[{"taxonomy":"product_cat","embeddable":true,"href":"https:\/\/lapapelera.com\/scz\/wp-json\/wp\/v2\/product_cat?post=15233"},{"taxonomy":"product_tag","embeddable":true,"href":"https:\/\/lapapelera.com\/scz\/wp-json\/wp\/v2\/product_tag?post=15233"}],"curies":[{"name":"wp","href":"https:\/\/api.w.org\/{rel}","templated":true}]}}