{"id":15259,"date":"2021-08-16T16:26:21","date_gmt":"2021-08-16T20:26:21","guid":{"rendered":"https:\/\/lapapelera.com\/scz\/?post_type=product&#038;p=15259"},"modified":"2025-12-08T17:28:30","modified_gmt":"2025-12-08T21:28:30","slug":"lamina-blanca-con-impresion-generica-gris-385x34-cm","status":"publish","type":"product","link":"https:\/\/lapapelera.com\/scz\/producto\/lamina-blanca-con-impresion-generica-gris-385x34-cm\/","title":{"rendered":"L\u00e1mina Blanca con Impresi\u00f3n Gen\u00e9rica Gris (38.5x34cm)"},"content":{"rendered":"","protected":false},"excerpt":{"rendered":"<p>LAMINA BLANCA CON IMPRESI\u00d3N GENERICA GRIS (38,5X34 CM)<\/p>\n<p>MEDIDAS: 38,5X34cm<br \/>\nMATERIAL: Papel sulfito antigrasa blanca *ECOPACK*<br \/>\nIMPRESI\u00d3N: Ninguna<br \/>\nAPLICACIONES: comida rapida, emparedados, hamburguesas, lamina para canastillo de pollo, para bandeja, etc.<\/p>\n<p>Pedido M\u00ednimo: 50 Und<\/p>\n","protected":false},"featured_media":15390,"template":"","meta":[],"product_cat":[111,138,84,97],"product_tag":[],"class_list":["post-15259","product","type-product","status-publish","has-post-thumbnail","hentry","product_cat-bolsas-y-laminas","product_cat-comida-rapida","product_cat-panaderia-y-pasteleria","product_cat-servicios-de-comida-rapida"],"_links":{"self":[{"href":"https:\/\/lapapelera.com\/scz\/wp-json\/wp\/v2\/product\/15259","targetHints":{"allow":["GET"]}}],"collection":[{"href":"https:\/\/lapapelera.com\/scz\/wp-json\/wp\/v2\/product"}],"about":[{"href":"https:\/\/lapapelera.com\/scz\/wp-json\/wp\/v2\/types\/product"}],"wp:featuredmedia":[{"embeddable":true,"href":"https:\/\/lapapelera.com\/scz\/wp-json\/wp\/v2\/media\/15390"}],"wp:attachment":[{"href":"https:\/\/lapapelera.com\/scz\/wp-json\/wp\/v2\/media?parent=15259"}],"wp:term":[{"taxonomy":"product_cat","embeddable":true,"href":"https:\/\/lapapelera.com\/scz\/wp-json\/wp\/v2\/product_cat?post=15259"},{"taxonomy":"product_tag","embeddable":true,"href":"https:\/\/lapapelera.com\/scz\/wp-json\/wp\/v2\/product_tag?post=15259"}],"curies":[{"name":"wp","href":"https:\/\/api.w.org\/{rel}","templated":true}]}}